{"id":987495595,"date":"2021-07-16T10:50:05","date_gmt":"2021-07-16T10:50:05","guid":{"rendered":"https:\/\/mmmantenimiento.com\/quienes-somos\/"},"modified":"2022-06-24T05:52:40","modified_gmt":"2022-06-24T05:52:40","slug":"qui-sommes-nous","status":"publish","type":"page","link":"https:\/\/mmmantenimiento.com\/fr\/qui-sommes-nous\/","title":{"rendered":"QUI SOMMES NOUS ?"},"content":{"rendered":"\n[et_pb_section fb_built=\u00a0\u00bb1&Prime; _builder_version=\u00a0\u00bb4.14.2&Prime; _module_preset=\u00a0\u00bbdefault\u00a0\u00bb background_image=\u00a0\u00bbhttp:\/\/mmmantenimiento.com\/wp-content\/uploads\/2022\/06\/mmm-quienessomos-000.jpg\u00a0\u00bb custom_padding=\u00a0\u00bb0px|||||\u00a0\u00bb global_colors_info=\u00a0\u00bb{}\u00a0\u00bb][et_pb_row use_custom_gutter=\u00a0\u00bbon\u00a0\u00bb gutter_width=\u00a0\u00bb1&Prime; make_equal=\u00a0\u00bbon\u00a0\u00bb _builder_version=\u00a0\u00bb4.14.2&Prime; _module_preset=\u00a0\u00bbdefault\u00a0\u00bb background_enable_image=\u00a0\u00bboff\u00a0\u00bb width=\u00a0\u00bb100%\u00a0\u00bb max_width=\u00a0\u00bb100%\u00a0\u00bb module_alignment=\u00a0\u00bbcenter\u00a0\u00bb min_height=\u00a0\u00bb550px\u00a0\u00bb height=\u00a0\u00bb550px\u00a0\u00bb max_height=\u00a0\u00bb550px\u00a0\u00bb custom_margin=\u00a0\u00bb|auto|-31px|auto||\u00a0\u00bb custom_padding=\u00a0\u00bb14px|||||\u00a0\u00bb global_colors_info=\u00a0\u00bb{}\u00a0\u00bb][et_pb_column type=\u00a0\u00bb4_4&Prime; _builder_version=\u00a0\u00bb4.14.2&Prime; _module_preset=\u00a0\u00bbdefault\u00a0\u00bb global_colors_info=\u00a0\u00bb{}\u00a0\u00bb][et_pb_image title_text=\u00a0\u00bbmmm-quienessomos-00&Prime; force_fullwidth=\u00a0\u00bbon\u00a0\u00bb _builder_version=\u00a0\u00bb4.14.2&Prime; _module_preset=\u00a0\u00bbdefault\u00a0\u00bb global_colors_info=\u00a0\u00bb{}\u00a0\u00bb][\/et_pb_image][\/et_pb_column][\/et_pb_row][et_pb_row _builder_version=\u00a0\u00bb4.14.2&Prime; _module_preset=\u00a0\u00bbdefault\u00a0\u00bb positioning=\u00a0\u00bbabsolute\u00a0\u00bb position_origin_a=\u00a0\u00bbbottom_right\u00a0\u00bb width=\u00a0\u00bb33%\u00a0\u00bb max_width=\u00a0\u00bb33%\u00a0\u00bb global_colors_info=\u00a0\u00bb{}\u00a0\u00bb][et_pb_column type=\u00a0\u00bb4_4&Prime; _builder_version=\u00a0\u00bb4.14.2&Prime; _module_preset=\u00a0\u00bbdefault\u00a0\u00bb global_colors_info=\u00a0\u00bb{}\u00a0\u00bb][et_pb_text _builder_version=\u00a0\u00bb4.14.2&Prime; _module_preset=\u00a0\u00bbdefault\u00a0\u00bb background_color=\u00a0\u00bbrgba(244,244,244,0.93)\u00a0\u00bb position_origin_a=\u00a0\u00bbbottom_right\u00a0\u00bb width=\u00a0\u00bb100%\u00a0\u00bb custom_padding=\u00a0\u00bb10px|20px|10px|10px|false|false\u00a0\u00bb hover_enabled=\u00a0\u00bb0&Prime; border_width_left=\u00a0\u00bb11px\u00a0\u00bb border_color_left=\u00a0\u00bb#0e70c3&Prime; global_colors_info=\u00a0\u00bb{}\u00a0\u00bb sticky_enabled=\u00a0\u00bb0&Prime;]<h1>Nous \u00e9valuons l\u2019\u00e9tat et r\u00e9alisons les r\u00e9parations de tous les r\u00e9ducteurs, avec toutes les garanties.\n<\/h1>[\/et_pb_text][\/et_pb_column][\/et_pb_row][\/et_pb_section][et_pb_section fb_built=\u00a0\u00bb1&Prime; _builder_version=\u00a0\u00bb4.14.2&Prime; _module_preset=\u00a0\u00bbdefault\u00a0\u00bb custom_padding=\u00a0\u00bb23px||0px|||\u00a0\u00bb global_colors_info=\u00a0\u00bb{}\u00a0\u00bb][et_pb_row column_structure=\u00a0\u00bb1_2,1_2&Prime; _builder_version=\u00a0\u00bb4.9.7&Prime; _module_preset=\u00a0\u00bbdefault\u00a0\u00bb custom_padding=\u00a0\u00bb||0px|||\u00a0\u00bb global_colors_info=\u00a0\u00bb{}\u00a0\u00bb][et_pb_column type=\u00a0\u00bb1_2&Prime; _builder_version=\u00a0\u00bb4.9.7&Prime; _module_preset=\u00a0\u00bbdefault\u00a0\u00bb global_colors_info=\u00a0\u00bb{}\u00a0\u00bb][et_pb_blurb title=\u00a0\u00bbQUI SOMMES NOUS ?\u00a0\u00bb image=\u00a0\u00bbhttp:\/\/proyectoweb.mmmantenimiento.com\/wp-content\/uploads\/2021\/07\/Logos-mmm.png\u00a0\u00bb icon_placement=\u00a0\u00bbleft\u00a0\u00bb _builder_version=\u00a0\u00bb4.14.2&Prime; _module_preset=\u00a0\u00bbdefault\u00a0\u00bb header_font_size=\u00a0\u00bb27px\u00a0\u00bb hover_enabled=\u00a0\u00bb0&Prime; border_width_bottom=\u00a0\u00bb11px\u00a0\u00bb border_color_bottom=\u00a0\u00bb#0C71C3&Prime; border_style_bottom=\u00a0\u00bbridge\u00a0\u00bb global_colors_info=\u00a0\u00bb{}\u00a0\u00bb sticky_enabled=\u00a0\u00bb0&Prime;][\/et_pb_blurb][et_pb_text _builder_version=\u00a0\u00bb4.14.2&Prime; _module_preset=\u00a0\u00bbdefault\u00a0\u00bb text_font_size=\u00a0\u00bb15px\u00a0\u00bb hover_enabled=\u00a0\u00bb0&Prime; global_colors_info=\u00a0\u00bb{}\u00a0\u00bb sticky_enabled=\u00a0\u00bb0&Prime;]<p class=\"p1\"><strong>mmm<\/strong> est n\u00e9e en 1998 dans le but de devenir une r\u00e9f\u00e9rence dans le domaine de la maintenance des m\u00e9canismes de transmission de puissance. Dot\u00e9 d\u2019une claire vocation d\u2019attention, de service et de collaboration avec le Client, notre personnel propose ses services et son exp\u00e9rience pour atteindre la disponibilit\u00e9 maximale des installations, au travers d\u2019une maintenance int\u00e9grale sp\u00e9cialis\u00e9e qui comprend la maintenance pr\u00e9dictive, pr\u00e9ventive et corrective.<\/p>\n<p class=\"p1\">Disposant des moyens appropri\u00e9s et utilisant les derni\u00e8res avanc\u00e9es technologiques, nos techniciens sont form\u00e9s pour contr\u00f4ler, v\u00e9rifier, r\u00e9parer, conseiller et modifier si n\u00e9cessaire, tout m\u00e9canisme pr\u00e9sent dans votre processus de production.<\/p>\n<p class=\"p1\">Aussi bien dans le domaine du contr\u00f4le p\u00e9riodique que dans celui de la r\u00e9paration, nous collaborons avec chaque Client pour d\u00e9finir de mani\u00e8re individualis\u00e9e les programmes et les solutions les plus adapt\u00e9es \u00e0 chacun de ses besoins.<\/p>[\/et_pb_text][\/et_pb_column][et_pb_column type=\u00a0\u00bb1_2&Prime; _builder_version=\u00a0\u00bb4.9.7&Prime; _module_preset=\u00a0\u00bbdefault\u00a0\u00bb global_colors_info=\u00a0\u00bb{}\u00a0\u00bb][et_pb_slider _builder_version=\u00a0\u00bb4.14.2&Prime; _module_preset=\u00a0\u00bbdefault\u00a0\u00bb background_color=\u00a0\u00bb#FFFFFF\u00a0\u00bb auto=\u00a0\u00bbon\u00a0\u00bb auto_speed=\u00a0\u00bb3000&Prime; auto_ignore_hover=\u00a0\u00bbon\u00a0\u00bb global_colors_info=\u00a0\u00bb{}\u00a0\u00bb][et_pb_slide image=\u00a0\u00bbhttp:\/\/proyectoweb.mmmantenimiento.com\/wp-content\/uploads\/2021\/12\/mmm-motorreductores-01.jpg\u00a0\u00bb _builder_version=\u00a0\u00bb4.14.2&Prime; _module_preset=\u00a0\u00bbdefault\u00a0\u00bb background_enable_color=\u00a0\u00bboff\u00a0\u00bb global_colors_info=\u00a0\u00bb{}\u00a0\u00bb sticky_transition=\u00a0\u00bbon\u00a0\u00bb][\/et_pb_slide][et_pb_slide image=\u00a0\u00bbhttp:\/\/proyectoweb.mmmantenimiento.com\/wp-content\/uploads\/2022\/06\/QUIENES-SOMOS.jpg\u00a0\u00bb _builder_version=\u00a0\u00bb4.14.2&Prime; _module_preset=\u00a0\u00bbdefault\u00a0\u00bb background_enable_color=\u00a0\u00bboff\u00a0\u00bb global_colors_info=\u00a0\u00bb{}\u00a0\u00bb sticky_transition=\u00a0\u00bbon\u00a0\u00bb][\/et_pb_slide][\/et_pb_slider][\/et_pb_column][\/et_pb_row][\/et_pb_section][et_pb_section fb_built=\u00a0\u00bb1&Prime; _builder_version=\u00a0\u00bb4.9.7&Prime; _module_preset=\u00a0\u00bbdefault\u00a0\u00bb background_color=\u00a0\u00bb#f2f2f2&Prime; custom_padding=\u00a0\u00bb9px||12px|||\u00a0\u00bb global_colors_info=\u00a0\u00bb{}\u00a0\u00bb][et_pb_row column_structure=\u00a0\u00bb2_5,3_5&Prime; _builder_version=\u00a0\u00bb4.9.7&Prime; _module_preset=\u00a0\u00bbdefault\u00a0\u00bb global_colors_info=\u00a0\u00bb{}\u00a0\u00bb][et_pb_column type=\u00a0\u00bb2_5&Prime; _builder_version=\u00a0\u00bb4.9.7&Prime; _module_preset=\u00a0\u00bbdefault\u00a0\u00bb global_colors_info=\u00a0\u00bb{}\u00a0\u00bb][et_pb_image src=\u00a0\u00bbhttp:\/\/proyectoweb.mmmantenimiento.com\/wp-content\/uploads\/2021\/07\/Soteco-Ralpe-Flender-logos.png\u00a0\u00bb title_text=\u00a0\u00bbSoteco-Ralpe-Flender-logos\u00a0\u00bb _builder_version=\u00a0\u00bb4.9.7&Prime; _module_preset=\u00a0\u00bbdefault\u00a0\u00bb global_colors_info=\u00a0\u00bb{}\u00a0\u00bb][\/et_pb_image][\/et_pb_column][et_pb_column type=\u00a0\u00bb3_5&Prime; _builder_version=\u00a0\u00bb4.9.7&Prime; _module_preset=\u00a0\u00bbdefault\u00a0\u00bb global_colors_info=\u00a0\u00bb{}\u00a0\u00bb][et_pb_blurb title=\u00a0\u00bbService d\u2019Assistance Technique Autoris\u00e9\u00a0\u00bb use_icon=\u00a0\u00bbon\u00a0\u00bb font_icon=\u00a0\u00bb&#x45;||divi||400&Prime; icon_placement=\u00a0\u00bbleft\u00a0\u00bb _builder_version=\u00a0\u00bb4.14.2&Prime; _module_preset=\u00a0\u00bbdefault\u00a0\u00bb header_font=\u00a0\u00bb|600|||||||\u00a0\u00bb header_font_size=\u00a0\u00bb20px\u00a0\u00bb hover_enabled=\u00a0\u00bb0&Prime; global_colors_info=\u00a0\u00bb{}\u00a0\u00bb sticky_enabled=\u00a0\u00bb0&Prime;]<p class=\"p1\">Nous sommes Service d\u2019Assistance Technique Autoris\u00e9 pour les marques <strong>SOTECO<\/strong>, <strong>RALPE<\/strong> et <strong>FLENDER SERVICE<\/strong>, mais nous sommes \u00e9galement comp\u00e9tents pour effectuer le suivi et la r\u00e9paration de toutes les marques et types de m\u00e9canismes, quel que soit leur origine.<\/p>[\/et_pb_blurb][\/et_pb_column][\/et_pb_row][\/et_pb_section]\n","protected":false},"excerpt":{"rendered":"<p>Nous \u00e9valuons l\u2019\u00e9tat et r\u00e9alisons les r\u00e9parations de tous les r\u00e9ducteurs, avec toutes les garanties. mmm est n\u00e9e en 1998 dans le but de devenir une r\u00e9f\u00e9rence dans le domaine de la maintenance des m\u00e9canismes de transmission de puissance. Dot\u00e9 d\u2019une claire vocation d\u2019attention, de service et de collaboration avec le Client, notre personnel propose [&hellip;]<\/p>\n","protected":false},"author":3,"featured_media":0,"parent":0,"menu_order":6,"comment_status":"closed","ping_status":"closed","template":"","meta":{"_et_pb_use_builder":"on","_et_pb_old_content":"","_et_gb_content_width":"","footnotes":""},"class_list":["post-987495595","page","type-page","status-publish","hentry"],"yoast_head":"<!-- This site is optimized with the Yoast SEO plugin v27.2 - https:\/\/yoast.com\/product\/yoast-seo-wordpress\/ -->\n<title>MMM | QUI SOMMES NOUS ? | Maintenance et r\u00e9paration<\/title>\n<meta name=\"description\" content=\"Nous \u00e9valuons l\u2019\u00e9tat et r\u00e9alisons les r\u00e9parations de tous les r\u00e9ducteurs, avec toutes les garanties.\" \/>\n<meta name=\"robots\" content=\"index, follow, max-snippet:-1, max-image-preview:large, max-video-preview:-1\" \/>\n<link rel=\"canonical\" href=\"https:\/\/mmmantenimiento.com\/fr\/qui-sommes-nous\/\" \/>\n<meta property=\"og:locale\" content=\"fr_FR\" \/>\n<meta property=\"og:type\" content=\"article\" \/>\n<meta property=\"og:title\" content=\"MMM | QUI SOMMES NOUS ? | Maintenance et r\u00e9paration\" \/>\n<meta property=\"og:description\" content=\"Nous \u00e9valuons l\u2019\u00e9tat et r\u00e9alisons les r\u00e9parations de tous les r\u00e9ducteurs, avec toutes les garanties.\" \/>\n<meta property=\"og:url\" content=\"https:\/\/mmmantenimiento.com\/fr\/qui-sommes-nous\/\" \/>\n<meta property=\"og:site_name\" content=\"mmm\" \/>\n<meta property=\"article:modified_time\" content=\"2022-06-24T05:52:40+00:00\" \/>\n<meta name=\"twitter:card\" content=\"summary_large_image\" \/>\n<meta name=\"twitter:label1\" content=\"Dur\u00e9e de lecture estim\u00e9e\" \/>\n\t<meta name=\"twitter:data1\" content=\"2 minutes\" \/>\n<script type=\"application\/ld+json\" class=\"yoast-schema-graph\">{\"@context\":\"https:\/\/schema.org\",\"@graph\":[{\"@type\":\"WebPage\",\"@id\":\"https:\/\/mmmantenimiento.com\/fr\/qui-sommes-nous\/\",\"url\":\"https:\/\/mmmantenimiento.com\/fr\/qui-sommes-nous\/\",\"name\":\"MMM | QUI SOMMES NOUS ? | Maintenance et r\u00e9paration\",\"isPartOf\":{\"@id\":\"https:\/\/mmmantenimiento.com\/fr\/#website\"},\"datePublished\":\"2021-07-16T10:50:05+00:00\",\"dateModified\":\"2022-06-24T05:52:40+00:00\",\"description\":\"Nous \u00e9valuons l\u2019\u00e9tat et r\u00e9alisons les r\u00e9parations de tous les r\u00e9ducteurs, avec toutes les garanties.\",\"breadcrumb\":{\"@id\":\"https:\/\/mmmantenimiento.com\/fr\/qui-sommes-nous\/#breadcrumb\"},\"inLanguage\":\"fr-FR\",\"potentialAction\":[{\"@type\":\"ReadAction\",\"target\":[\"https:\/\/mmmantenimiento.com\/fr\/qui-sommes-nous\/\"]}]},{\"@type\":\"BreadcrumbList\",\"@id\":\"https:\/\/mmmantenimiento.com\/fr\/qui-sommes-nous\/#breadcrumb\",\"itemListElement\":[{\"@type\":\"ListItem\",\"position\":1,\"name\":\"Portada\",\"item\":\"https:\/\/mmmantenimiento.com\/fr\/\"},{\"@type\":\"ListItem\",\"position\":2,\"name\":\"QUI SOMMES NOUS ?\"}]},{\"@type\":\"WebSite\",\"@id\":\"https:\/\/mmmantenimiento.com\/fr\/#website\",\"url\":\"https:\/\/mmmantenimiento.com\/fr\/\",\"name\":\"mmm\",\"description\":\"Mecanizaciones, Montajes y Mantenimiento\",\"publisher\":{\"@id\":\"https:\/\/mmmantenimiento.com\/fr\/#organization\"},\"potentialAction\":[{\"@type\":\"SearchAction\",\"target\":{\"@type\":\"EntryPoint\",\"urlTemplate\":\"https:\/\/mmmantenimiento.com\/fr\/?s={search_term_string}\"},\"query-input\":{\"@type\":\"PropertyValueSpecification\",\"valueRequired\":true,\"valueName\":\"search_term_string\"}}],\"inLanguage\":\"fr-FR\"},{\"@type\":\"Organization\",\"@id\":\"https:\/\/mmmantenimiento.com\/fr\/#organization\",\"name\":\"mmm\",\"url\":\"https:\/\/mmmantenimiento.com\/fr\/\",\"logo\":{\"@type\":\"ImageObject\",\"inLanguage\":\"fr-FR\",\"@id\":\"https:\/\/mmmantenimiento.com\/fr\/#\/schema\/logo\/image\/\",\"url\":\"http:\/\/proyectoweb.mmmantenimiento.com\/wp-content\/uploads\/2022\/06\/mmm-logo.jpg\",\"contentUrl\":\"http:\/\/proyectoweb.mmmantenimiento.com\/wp-content\/uploads\/2022\/06\/mmm-logo.jpg\",\"width\":400,\"height\":150,\"caption\":\"mmm\"},\"image\":{\"@id\":\"https:\/\/mmmantenimiento.com\/fr\/#\/schema\/logo\/image\/\"}}]}<\/script>\n<!-- \/ Yoast SEO plugin. -->","yoast_head_json":{"title":"MMM | QUI SOMMES NOUS ? | Maintenance et r\u00e9paration","description":"Nous \u00e9valuons l\u2019\u00e9tat et r\u00e9alisons les r\u00e9parations de tous les r\u00e9ducteurs, avec toutes les garanties.","robots":{"index":"index","follow":"follow","max-snippet":"max-snippet:-1","max-image-preview":"max-image-preview:large","max-video-preview":"max-video-preview:-1"},"canonical":"https:\/\/mmmantenimiento.com\/fr\/qui-sommes-nous\/","og_locale":"fr_FR","og_type":"article","og_title":"MMM | QUI SOMMES NOUS ? | Maintenance et r\u00e9paration","og_description":"Nous \u00e9valuons l\u2019\u00e9tat et r\u00e9alisons les r\u00e9parations de tous les r\u00e9ducteurs, avec toutes les garanties.","og_url":"https:\/\/mmmantenimiento.com\/fr\/qui-sommes-nous\/","og_site_name":"mmm","article_modified_time":"2022-06-24T05:52:40+00:00","twitter_card":"summary_large_image","twitter_misc":{"Dur\u00e9e de lecture estim\u00e9e":"2 minutes"},"schema":{"@context":"https:\/\/schema.org","@graph":[{"@type":"WebPage","@id":"https:\/\/mmmantenimiento.com\/fr\/qui-sommes-nous\/","url":"https:\/\/mmmantenimiento.com\/fr\/qui-sommes-nous\/","name":"MMM | QUI SOMMES NOUS ? | Maintenance et r\u00e9paration","isPartOf":{"@id":"https:\/\/mmmantenimiento.com\/fr\/#website"},"datePublished":"2021-07-16T10:50:05+00:00","dateModified":"2022-06-24T05:52:40+00:00","description":"Nous \u00e9valuons l\u2019\u00e9tat et r\u00e9alisons les r\u00e9parations de tous les r\u00e9ducteurs, avec toutes les garanties.","breadcrumb":{"@id":"https:\/\/mmmantenimiento.com\/fr\/qui-sommes-nous\/#breadcrumb"},"inLanguage":"fr-FR","potentialAction":[{"@type":"ReadAction","target":["https:\/\/mmmantenimiento.com\/fr\/qui-sommes-nous\/"]}]},{"@type":"BreadcrumbList","@id":"https:\/\/mmmantenimiento.com\/fr\/qui-sommes-nous\/#breadcrumb","itemListElement":[{"@type":"ListItem","position":1,"name":"Portada","item":"https:\/\/mmmantenimiento.com\/fr\/"},{"@type":"ListItem","position":2,"name":"QUI SOMMES NOUS ?"}]},{"@type":"WebSite","@id":"https:\/\/mmmantenimiento.com\/fr\/#website","url":"https:\/\/mmmantenimiento.com\/fr\/","name":"mmm","description":"Mecanizaciones, Montajes y Mantenimiento","publisher":{"@id":"https:\/\/mmmantenimiento.com\/fr\/#organization"},"potentialAction":[{"@type":"SearchAction","target":{"@type":"EntryPoint","urlTemplate":"https:\/\/mmmantenimiento.com\/fr\/?s={search_term_string}"},"query-input":{"@type":"PropertyValueSpecification","valueRequired":true,"valueName":"search_term_string"}}],"inLanguage":"fr-FR"},{"@type":"Organization","@id":"https:\/\/mmmantenimiento.com\/fr\/#organization","name":"mmm","url":"https:\/\/mmmantenimiento.com\/fr\/","logo":{"@type":"ImageObject","inLanguage":"fr-FR","@id":"https:\/\/mmmantenimiento.com\/fr\/#\/schema\/logo\/image\/","url":"http:\/\/proyectoweb.mmmantenimiento.com\/wp-content\/uploads\/2022\/06\/mmm-logo.jpg","contentUrl":"http:\/\/proyectoweb.mmmantenimiento.com\/wp-content\/uploads\/2022\/06\/mmm-logo.jpg","width":400,"height":150,"caption":"mmm"},"image":{"@id":"https:\/\/mmmantenimiento.com\/fr\/#\/schema\/logo\/image\/"}}]}},"_links":{"self":[{"href":"https:\/\/mmmantenimiento.com\/fr\/wp-json\/wp\/v2\/pages\/987495595","targetHints":{"allow":["GET"]}}],"collection":[{"href":"https:\/\/mmmantenimiento.com\/fr\/wp-json\/wp\/v2\/pages"}],"about":[{"href":"https:\/\/mmmantenimiento.com\/fr\/wp-json\/wp\/v2\/types\/page"}],"author":[{"embeddable":true,"href":"https:\/\/mmmantenimiento.com\/fr\/wp-json\/wp\/v2\/users\/3"}],"replies":[{"embeddable":true,"href":"https:\/\/mmmantenimiento.com\/fr\/wp-json\/wp\/v2\/comments?post=987495595"}],"version-history":[{"count":0,"href":"https:\/\/mmmantenimiento.com\/fr\/wp-json\/wp\/v2\/pages\/987495595\/revisions"}],"wp:attachment":[{"href":"https:\/\/mmmantenimiento.com\/fr\/wp-json\/wp\/v2\/media?parent=987495595"}],"curies":[{"name":"wp","href":"https:\/\/api.w.org\/{rel}","templated":true}]}}