{"id":987495598,"date":"2021-07-09T09:55:00","date_gmt":"2021-07-09T09:55:00","guid":{"rendered":"https:\/\/mmmantenimiento.com\/servicios\/"},"modified":"2022-06-24T05:54:33","modified_gmt":"2022-06-24T05:54:33","slug":"services","status":"publish","type":"page","link":"https:\/\/mmmantenimiento.com\/fr\/services\/","title":{"rendered":"Services"},"content":{"rendered":"\n[et_pb_section fb_built=\u00a0\u00bb1&Prime; _builder_version=\u00a0\u00bb4.14.2&Prime; _module_preset=\u00a0\u00bbdefault\u00a0\u00bb custom_padding=\u00a0\u00bb0px||0px|||\u00a0\u00bb global_colors_info=\u00a0\u00bb{}\u00a0\u00bb][et_pb_row _builder_version=\u00a0\u00bb4.14.2&Prime; _module_preset=\u00a0\u00bbdefault\u00a0\u00bb width=\u00a0\u00bb100%\u00a0\u00bb max_width=\u00a0\u00bb100%\u00a0\u00bb height=\u00a0\u00bb350px\u00a0\u00bb custom_margin=\u00a0\u00bb-56px|auto||auto||\u00a0\u00bb custom_padding=\u00a0\u00bb0px|||||\u00a0\u00bb global_colors_info=\u00a0\u00bb{}\u00a0\u00bb][et_pb_column type=\u00a0\u00bb4_4&Prime; _builder_version=\u00a0\u00bb4.9.7&Prime; _module_preset=\u00a0\u00bbdefault\u00a0\u00bb global_colors_info=\u00a0\u00bb{}\u00a0\u00bb][et_pb_slider _builder_version=\u00a0\u00bb4.14.2&Prime; _module_preset=\u00a0\u00bbdefault\u00a0\u00bb use_background_color_gradient=\u00a0\u00bbon\u00a0\u00bb background_color_gradient_start=\u00a0\u00bbrgba(12,113,195,0.68)\u00a0\u00bb background_color_gradient_end=\u00a0\u00bbrgba(28,63,135,0.69)\u00a0\u00bb background_enable_image=\u00a0\u00bboff\u00a0\u00bb height=\u00a0\u00bb350px\u00a0\u00bb hover_enabled=\u00a0\u00bb0&Prime; global_colors_info=\u00a0\u00bb{}\u00a0\u00bb sticky_enabled=\u00a0\u00bb0&Prime;][et_pb_slide heading=\u00a0\u00bbService mmm \u00a0\u00bb _builder_version=\u00a0\u00bb4.14.2&Prime; _module_preset=\u00a0\u00bbdefault\u00a0\u00bb use_background_color_gradient=\u00a0\u00bbon\u00a0\u00bb background_color_gradient_start=\u00a0\u00bbrgba(12,65,117,0.82)\u00a0\u00bb background_color_gradient_end=\u00a0\u00bbrgba(12,65,117,0.5)\u00a0\u00bb background_color_gradient_overlays_image=\u00a0\u00bbon\u00a0\u00bb background_image=\u00a0\u00bbhttp:\/\/mmmantenimiento.com\/wp-content\/uploads\/2022\/06\/\u00a9servicios-mmm-1.jpg\u00a0\u00bb background_enable_image=\u00a0\u00bbon\u00a0\u00bb hover_enabled=\u00a0\u00bb0&Prime; global_colors_info=\u00a0\u00bb{}\u00a0\u00bb sticky_transition=\u00a0\u00bbon\u00a0\u00bb sticky_enabled=\u00a0\u00bb0&Prime;][\/et_pb_slide][\/et_pb_slider][\/et_pb_column][\/et_pb_row][\/et_pb_section][et_pb_section fb_built=\u00a0\u00bb1&Prime; _builder_version=\u00a0\u00bb4.14.2&Prime; _module_preset=\u00a0\u00bbdefault\u00a0\u00bb global_colors_info=\u00a0\u00bb{}\u00a0\u00bb][et_pb_row column_structure=\u00a0\u00bb1_3,1_3,1_3&Prime; _builder_version=\u00a0\u00bb4.14.2&Prime; _module_preset=\u00a0\u00bbdefault\u00a0\u00bb global_colors_info=\u00a0\u00bb{}\u00a0\u00bb][et_pb_column type=\u00a0\u00bb1_3&Prime; _builder_version=\u00a0\u00bb4.14.2&Prime; _module_preset=\u00a0\u00bbdefault\u00a0\u00bb global_colors_info=\u00a0\u00bb{}\u00a0\u00bb][et_pb_image src=\u00a0\u00bbhttp:\/\/proyectoweb.mmmantenimiento.com\/wp-content\/uploads\/2022\/06\/mantenimiento-integral.jpg\u00a0\u00bb title_text=\u00a0\u00bbmantenimiento-integral\u00a0\u00bb _builder_version=\u00a0\u00bb4.14.2&Prime; _module_preset=\u00a0\u00bbdefault\u00a0\u00bb border_width_top=\u00a0\u00bb15px\u00a0\u00bb border_color_top=\u00a0\u00bb#0C71C3&Prime; border_style_top=\u00a0\u00bbgroove\u00a0\u00bb global_colors_info=\u00a0\u00bb{}\u00a0\u00bb][\/et_pb_image][et_pb_text _builder_version=\u00a0\u00bb4.14.2&Prime; _module_preset=\u00a0\u00bbdefault\u00a0\u00bb text_font=\u00a0\u00bb||||||||\u00a0\u00bb header_font_size=\u00a0\u00bb33px\u00a0\u00bb header_2_font_size=\u00a0\u00bb41px\u00a0\u00bb custom_margin=\u00a0\u00bb0px||||false|false\u00a0\u00bb custom_padding=\u00a0\u00bb||10px||false|false\u00a0\u00bb animation_style=\u00a0\u00bbslide\u00a0\u00bb animation_direction=\u00a0\u00bbbottom\u00a0\u00bb hover_enabled=\u00a0\u00bb0&Prime; border_color_bottom=\u00a0\u00bb#efefef\u00a0\u00bb global_colors_info=\u00a0\u00bb{}\u00a0\u00bb sticky_enabled=\u00a0\u00bb0&Prime;]<h3>SERVICE DE MAINTENANCE INT\u00c9GRALE<\/h3>\n<p style=\"text-align: justify;\">Sans besoin de stopper le processus de production, dans des conditions de plein fonctionnement en charge :<\/p>\n<ul>\n<li class=\"li1\"><span class=\"s1\"><\/span><span class=\"s2\">Inspection visuelle des conditions externes du m\u00e9canisme (niveaux, fuites, ventilation)<\/span><\/li>\n<li class=\"li1\"><span class=\"s3\"><\/span><span class=\"s2\">Mesure des valeurs et des graphiques des vibrations<\/span><\/li>\n<li class=\"li1\"><span class=\"s3\"><\/span><span class=\"s2\">Contr\u00f4le des temp\u00e9ratures<\/span><\/li>\n<li class=\"li1\"><span class=\"s3\"><\/span><span class=\"s2\">Analyse du lubrifiant<\/span><\/li>\n<li class=\"li1\"><span class=\"s3\"><\/span><span class=\"s2\">Rapports d\u00e9taill\u00e9s<\/span><\/li>\n<\/ul>[\/et_pb_text][\/et_pb_column][et_pb_column type=\u00a0\u00bb1_3&Prime; _builder_version=\u00a0\u00bb4.14.2&Prime; _module_preset=\u00a0\u00bbdefault\u00a0\u00bb global_colors_info=\u00a0\u00bb{}\u00a0\u00bb][et_pb_image src=\u00a0\u00bbhttp:\/\/proyectoweb.mmmantenimiento.com\/wp-content\/uploads\/2022\/06\/inspeccion-visual-interna.jpg\u00a0\u00bb title_text=\u00a0\u00bbinspeccion-visual-interna\u00a0\u00bb _builder_version=\u00a0\u00bb4.14.2&Prime; _module_preset=\u00a0\u00bbdefault\u00a0\u00bb border_width_top=\u00a0\u00bb15px\u00a0\u00bb border_color_top=\u00a0\u00bb#0C71C3&Prime; border_style_top=\u00a0\u00bbgroove\u00a0\u00bb global_colors_info=\u00a0\u00bb{}\u00a0\u00bb][\/et_pb_image][et_pb_text _builder_version=\u00a0\u00bb4.14.2&Prime; _module_preset=\u00a0\u00bbdefault\u00a0\u00bb text_font=\u00a0\u00bb||||||||\u00a0\u00bb header_font_size=\u00a0\u00bb33px\u00a0\u00bb header_2_font_size=\u00a0\u00bb41px\u00a0\u00bb custom_margin=\u00a0\u00bb0px||||false|false\u00a0\u00bb custom_padding=\u00a0\u00bb||10px||false|false\u00a0\u00bb animation_style=\u00a0\u00bbslide\u00a0\u00bb animation_direction=\u00a0\u00bbbottom\u00a0\u00bb hover_enabled=\u00a0\u00bb0&Prime; border_color_bottom=\u00a0\u00bb#efefef\u00a0\u00bb global_colors_info=\u00a0\u00bb{}\u00a0\u00bb sticky_enabled=\u00a0\u00bb0&Prime;]<h3> INSPECTION VISUELLE INTERNE <\/h3>\n<p style=\"text-align: justify;\">Lors d\u2019un arr\u00eat programm\u00e9, inspection au travers des couvercles de regard de l\u2019\u00e9tat des \u00e9l\u00e9ments internes du m\u00e9canisme (contacts, d\u00e9fauts, mesure des jeux), avec son rapport correspondant.\n<\/p>[\/et_pb_text][\/et_pb_column][et_pb_column type=\u00a0\u00bb1_3&Prime; _builder_version=\u00a0\u00bb4.14.2&Prime; _module_preset=\u00a0\u00bbdefault\u00a0\u00bb global_colors_info=\u00a0\u00bb{}\u00a0\u00bb][et_pb_image src=\u00a0\u00bbhttp:\/\/proyectoweb.mmmantenimiento.com\/wp-content\/uploads\/2022\/06\/mantenimiento-PREVENTIVO-1.jpg\u00a0\u00bb title_text=\u00a0\u00bbmantenimiento-PREVENTIVO\u00a0\u00bb _builder_version=\u00a0\u00bb4.14.2&Prime; _module_preset=\u00a0\u00bbdefault\u00a0\u00bb border_width_top=\u00a0\u00bb15px\u00a0\u00bb border_color_top=\u00a0\u00bb#0C71C3&Prime; border_style_top=\u00a0\u00bbgroove\u00a0\u00bb global_colors_info=\u00a0\u00bb{}\u00a0\u00bb][\/et_pb_image][et_pb_text _builder_version=\u00a0\u00bb4.14.2&Prime; _module_preset=\u00a0\u00bbdefault\u00a0\u00bb text_font=\u00a0\u00bb||||||||\u00a0\u00bb header_font_size=\u00a0\u00bb33px\u00a0\u00bb header_2_font_size=\u00a0\u00bb41px\u00a0\u00bb custom_margin=\u00a0\u00bb0px||||false|false\u00a0\u00bb custom_padding=\u00a0\u00bb||10px||false|false\u00a0\u00bb animation_style=\u00a0\u00bbslide\u00a0\u00bb animation_direction=\u00a0\u00bbbottom\u00a0\u00bb hover_enabled=\u00a0\u00bb0&Prime; border_color_bottom=\u00a0\u00bb#efefef\u00a0\u00bb global_colors_info=\u00a0\u00bb{}\u00a0\u00bb sticky_enabled=\u00a0\u00bb0&Prime;]<h3><span> MAINTENANCE PR\u00c9VENTIVE <\/span><\/h3>\n<p style=\"text-align: justify;\">Votre exp\u00e9rience et la n\u00f4tre, unies pour la gestion des stocks, des pi\u00e8ces de rechange et du remplacement des composants en fin de vie, forment la meilleure \u00e9quipe pour l\u2019optimisation de la maintenance pr\u00e9ventive.\n<\/p>[\/et_pb_text][\/et_pb_column][\/et_pb_row][et_pb_row column_structure=\u00a0\u00bb1_3,1_3,1_3&Prime; _builder_version=\u00a0\u00bb4.14.2&Prime; _module_preset=\u00a0\u00bbdefault\u00a0\u00bb global_colors_info=\u00a0\u00bb{}\u00a0\u00bb][et_pb_column type=\u00a0\u00bb1_3&Prime; _builder_version=\u00a0\u00bb4.14.2&Prime; _module_preset=\u00a0\u00bbdefault\u00a0\u00bb global_colors_info=\u00a0\u00bb{}\u00a0\u00bb][et_pb_image src=\u00a0\u00bbhttp:\/\/proyectoweb.mmmantenimiento.com\/wp-content\/uploads\/2022\/06\/mantenimiento-correctivo.jpg\u00a0\u00bb title_text=\u00a0\u00bbmantenimiento-correctivo\u00a0\u00bb _builder_version=\u00a0\u00bb4.14.2&Prime; _module_preset=\u00a0\u00bbdefault\u00a0\u00bb border_width_top=\u00a0\u00bb15px\u00a0\u00bb border_color_top=\u00a0\u00bb#0C71C3&Prime; border_style_top=\u00a0\u00bbgroove\u00a0\u00bb global_colors_info=\u00a0\u00bb{}\u00a0\u00bb][\/et_pb_image][et_pb_text _builder_version=\u00a0\u00bb4.14.2&Prime; _module_preset=\u00a0\u00bbdefault\u00a0\u00bb text_font=\u00a0\u00bb||||||||\u00a0\u00bb header_font_size=\u00a0\u00bb33px\u00a0\u00bb header_2_font_size=\u00a0\u00bb41px\u00a0\u00bb custom_margin=\u00a0\u00bb0px||||false|false\u00a0\u00bb custom_padding=\u00a0\u00bb||10px||false|false\u00a0\u00bb animation_style=\u00a0\u00bbslide\u00a0\u00bb animation_direction=\u00a0\u00bbbottom\u00a0\u00bb hover_enabled=\u00a0\u00bb0&Prime; border_color_bottom=\u00a0\u00bb#efefef\u00a0\u00bb global_colors_info=\u00a0\u00bb{}\u00a0\u00bb sticky_enabled=\u00a0\u00bb0&Prime;]<h3><span> MAINTENANCE CORRECTIVE <\/span><\/h3>\n<p style=\"text-align: justify;\">Dans les cas o\u00f9 cela s&rsquo;av\u00e8re n\u00e9cessaire, \u00e9valuer et\/ou r\u00e9soudre tout type d\u2019anomalie ou de probl\u00e8me d\u00e9tect\u00e9 (bruits, mauvais fonctionnement&#8230;), personnel technique itin\u00e9rant sp\u00e9cialis\u00e9 dans l\u2019inspection, l\u2019\u00e9valuation, le contr\u00f4le et la r\u00e9paration, la conception, la fabrication, et notre atelier sont \u00e0 votre service pour apporter une r\u00e9ponse dans les plus brefs d\u00e9lais \u00e0 vos besoins.<\/p>[\/et_pb_text][\/et_pb_column][et_pb_column type=\u00a0\u00bb1_3&Prime; _builder_version=\u00a0\u00bb4.14.2&Prime; _module_preset=\u00a0\u00bbdefault\u00a0\u00bb global_colors_info=\u00a0\u00bb{}\u00a0\u00bb][et_pb_image src=\u00a0\u00bbhttp:\/\/proyectoweb.mmmantenimiento.com\/wp-content\/uploads\/2022\/06\/SUPERVISION-DE-TRABAJOS.jpg\u00a0\u00bb title_text=\u00a0\u00bbSUPERVISION-DE-TRABAJOS\u00a0\u00bb _builder_version=\u00a0\u00bb4.14.2&Prime; _module_preset=\u00a0\u00bbdefault\u00a0\u00bb border_width_top=\u00a0\u00bb15px\u00a0\u00bb border_color_top=\u00a0\u00bb#0C71C3&Prime; border_style_top=\u00a0\u00bbgroove\u00a0\u00bb global_colors_info=\u00a0\u00bb{}\u00a0\u00bb][\/et_pb_image][et_pb_text _builder_version=\u00a0\u00bb4.14.2&Prime; _module_preset=\u00a0\u00bbdefault\u00a0\u00bb text_font=\u00a0\u00bb||||||||\u00a0\u00bb header_font_size=\u00a0\u00bb33px\u00a0\u00bb header_2_font_size=\u00a0\u00bb41px\u00a0\u00bb custom_margin=\u00a0\u00bb0px||||false|false\u00a0\u00bb custom_padding=\u00a0\u00bb||10px||false|false\u00a0\u00bb animation_style=\u00a0\u00bbslide\u00a0\u00bb animation_direction=\u00a0\u00bbbottom\u00a0\u00bb hover_enabled=\u00a0\u00bb0&Prime; border_color_bottom=\u00a0\u00bb#efefef\u00a0\u00bb global_colors_info=\u00a0\u00bb{}\u00a0\u00bb sticky_enabled=\u00a0\u00bb0&Prime;]<h3><span> SUPERVISION DES TRAVAUX <\/span><\/h3>\n<p style=\"text-align: justify;\"><span>Si vous souhaitez qu\u2019un travail ponctuel sur vos m\u00e9canismes de transmission, li\u00e9 soit \u00e0 la maintenance pr\u00e9ventive soit aux r\u00e9parations basiques, \u00e0 r\u00e9aliser par votre personnel de maintenance dans vos installations, soit supervis\u00e9 par un technicien sp\u00e9cialis\u00e9, consultez-nous.\n<\/span><\/p>[\/et_pb_text][\/et_pb_column][et_pb_column type=\u00a0\u00bb1_3&Prime; _builder_version=\u00a0\u00bb4.14.2&Prime; _module_preset=\u00a0\u00bbdefault\u00a0\u00bb global_colors_info=\u00a0\u00bb{}\u00a0\u00bb][et_pb_image src=\u00a0\u00bbhttp:\/\/proyectoweb.mmmantenimiento.com\/wp-content\/uploads\/2022\/06\/soporte-tecnico-avanzado.jpg\u00a0\u00bb title_text=\u00a0\u00bbsoporte-tecnico-avanzado\u00a0\u00bb _builder_version=\u00a0\u00bb4.14.2&Prime; _module_preset=\u00a0\u00bbdefault\u00a0\u00bb border_width_top=\u00a0\u00bb15px\u00a0\u00bb border_color_top=\u00a0\u00bb#0C71C3&Prime; border_style_top=\u00a0\u00bbgroove\u00a0\u00bb global_colors_info=\u00a0\u00bb{}\u00a0\u00bb][\/et_pb_image][et_pb_text _builder_version=\u00a0\u00bb4.14.2&Prime; _module_preset=\u00a0\u00bbdefault\u00a0\u00bb text_font=\u00a0\u00bb||||||||\u00a0\u00bb header_font_size=\u00a0\u00bb33px\u00a0\u00bb header_2_font_size=\u00a0\u00bb41px\u00a0\u00bb custom_margin=\u00a0\u00bb0px||||false|false\u00a0\u00bb custom_padding=\u00a0\u00bb||10px||false|false\u00a0\u00bb animation_style=\u00a0\u00bbslide\u00a0\u00bb animation_direction=\u00a0\u00bbbottom\u00a0\u00bb hover_enabled=\u00a0\u00bb0&Prime; border_color_bottom=\u00a0\u00bb#efefef\u00a0\u00bb global_colors_info=\u00a0\u00bb{}\u00a0\u00bb sticky_enabled=\u00a0\u00bb0&Prime;]<h3><span> SUPPORT TECHNIQUE AVANC\u00c9 <\/span><\/h3>\n<p style=\"text-align: justify;\"><span> Si vous avez des doutes ou si vous souhaitez des conseils concernant vos besoins actuels ou futurs en termes d\u2019\u00e9quipements de transmission de puissance, n\u2019h\u00e9sitez pas \u00e0 nous contacter. \u2028Nous comptons sur le soutien d\u2019Entreprises leaders dans ce domaine qui, sans aucun doute, seront capables de vous donner, aussi bien quantitativement que qualitativement, satisfaction. <\/span><\/p>[\/et_pb_text][\/et_pb_column][\/et_pb_row][et_pb_row column_structure=\u00a0\u00bb1_3,1_3,1_3&Prime; _builder_version=\u00a0\u00bb4.14.2&Prime; _module_preset=\u00a0\u00bbdefault\u00a0\u00bb global_colors_info=\u00a0\u00bb{}\u00a0\u00bb][et_pb_column type=\u00a0\u00bb1_3&Prime; _builder_version=\u00a0\u00bb4.14.2&Prime; _module_preset=\u00a0\u00bbdefault\u00a0\u00bb global_colors_info=\u00a0\u00bb{}\u00a0\u00bb][et_pb_image src=\u00a0\u00bbhttp:\/\/proyectoweb.mmmantenimiento.com\/wp-content\/uploads\/2022\/06\/Garantia-calidad-mmm.jpg\u00a0\u00bb title_text=\u00a0\u00bbGarantia-calidad-mmm\u00a0\u00bb _builder_version=\u00a0\u00bb4.14.2&Prime; _module_preset=\u00a0\u00bbdefault\u00a0\u00bb border_width_top=\u00a0\u00bb15px\u00a0\u00bb border_color_top=\u00a0\u00bb#0C71C3&Prime; border_style_top=\u00a0\u00bbgroove\u00a0\u00bb global_colors_info=\u00a0\u00bb{}\u00a0\u00bb][\/et_pb_image][et_pb_text _builder_version=\u00a0\u00bb4.14.2&Prime; _module_preset=\u00a0\u00bbdefault\u00a0\u00bb text_font=\u00a0\u00bb||||||||\u00a0\u00bb header_font_size=\u00a0\u00bb33px\u00a0\u00bb header_2_font_size=\u00a0\u00bb41px\u00a0\u00bb custom_margin=\u00a0\u00bb0px||||false|false\u00a0\u00bb custom_padding=\u00a0\u00bb||10px||false|false\u00a0\u00bb animation_style=\u00a0\u00bbslide\u00a0\u00bb animation_direction=\u00a0\u00bbbottom\u00a0\u00bb hover_enabled=\u00a0\u00bb0&Prime; border_color_bottom=\u00a0\u00bb#efefef\u00a0\u00bb global_colors_info=\u00a0\u00bb{}\u00a0\u00bb sticky_enabled=\u00a0\u00bb0&Prime;]<h3><span> GARANTIE DE QUALIT\u00c9 <\/span><\/h3>\n<p style=\"text-align: justify;\"> Sur tous les m\u00e9canismes soumis dans nos installations \u00e0 une maintenance, pr\u00e9ventive ou corrective, seront r\u00e9alis\u00e9s des tests exhaustifs afin d\u2019\u00e9valuer leur comportement en contr\u00f4lant les param\u00e8tres d\u2019\u00e9volution thermique, vibrations, etc., et les r\u00e9sultats seront enregistr\u00e9s pour une future consultation et le suivi du service. <\/p>[\/et_pb_text][\/et_pb_column][et_pb_column type=\u00a0\u00bb1_3&Prime; _builder_version=\u00a0\u00bb4.14.2&Prime; _module_preset=\u00a0\u00bbdefault\u00a0\u00bb global_colors_info=\u00a0\u00bb{}\u00a0\u00bb][\/et_pb_column][et_pb_column type=\u00a0\u00bb1_3&Prime; _builder_version=\u00a0\u00bb4.14.2&Prime; _module_preset=\u00a0\u00bbdefault\u00a0\u00bb global_colors_info=\u00a0\u00bb{}\u00a0\u00bb][\/et_pb_column][\/et_pb_row][\/et_pb_section][et_pb_section fb_built=\u00a0\u00bb1&Prime; _builder_version=\u00a0\u00bb4.9.7&Prime; _module_preset=\u00a0\u00bbdefault\u00a0\u00bb custom_margin=\u00a0\u00bb||-3px|||\u00a0\u00bb custom_padding=\u00a0\u00bb117px||2px|||\u00a0\u00bb global_colors_info=\u00a0\u00bb{}\u00a0\u00bb][et_pb_row column_structure=\u00a0\u00bb1_2,1_2&Prime; use_custom_gutter=\u00a0\u00bbon\u00a0\u00bb gutter_width=\u00a0\u00bb1&Prime; make_equal=\u00a0\u00bbon\u00a0\u00bb _builder_version=\u00a0\u00bb4.14.2&Prime; _module_preset=\u00a0\u00bbdefault\u00a0\u00bb width=\u00a0\u00bb100%\u00a0\u00bb max_width=\u00a0\u00bb2560px\u00a0\u00bb min_height=\u00a0\u00bb400px\u00a0\u00bb height=\u00a0\u00bb400px\u00a0\u00bb custom_margin=\u00a0\u00bb-39px|auto||auto||\u00a0\u00bb custom_padding=\u00a0\u00bb0px||0px|||\u00a0\u00bb animation_style=\u00a0\u00bbslide\u00a0\u00bb animation_direction=\u00a0\u00bbbottom\u00a0\u00bb global_colors_info=\u00a0\u00bb{}\u00a0\u00bb][et_pb_column type=\u00a0\u00bb1_2&Prime; _builder_version=\u00a0\u00bb4.14.2&Prime; _module_preset=\u00a0\u00bbdefault\u00a0\u00bb background_color=\u00a0\u00bb#1273b9&Prime; background_image=\u00a0\u00bbhttp:\/\/mmmantenimiento.com\/wp-content\/uploads\/2022\/06\/Arreglo-todas-marcas-reductores.jpg\u00a0\u00bb custom_padding=\u00a0\u00bb5%|5%|5%|5%|false|false\u00a0\u00bb global_colors_info=\u00a0\u00bb{}\u00a0\u00bb][\/et_pb_column][et_pb_column type=\u00a0\u00bb1_2&Prime; _builder_version=\u00a0\u00bb4.9.7&Prime; _module_preset=\u00a0\u00bbdefault\u00a0\u00bb background_color=\u00a0\u00bb#c6c6c6&Prime; background_enable_image=\u00a0\u00bboff\u00a0\u00bb parallax=\u00a0\u00bbon\u00a0\u00bb global_colors_info=\u00a0\u00bb{}\u00a0\u00bb][et_pb_text _builder_version=\u00a0\u00bb4.14.2&Prime; _module_preset=\u00a0\u00bbdefault\u00a0\u00bb text_font=\u00a0\u00bb||||||||\u00a0\u00bb header_font_size=\u00a0\u00bb33px\u00a0\u00bb header_2_font_size=\u00a0\u00bb41px\u00a0\u00bb custom_padding=\u00a0\u00bb48px|20px|20px|20px|false|false\u00a0\u00bb hover_enabled=\u00a0\u00bb0&Prime; global_colors_info=\u00a0\u00bb{}\u00a0\u00bb sticky_enabled=\u00a0\u00bb0&Prime;]<h2><span style=\"color: #ffffff;\">TOUTES LES MARQUES<\/span><\/h2>\n<span style=\"color: #ffffff;\">Mmm r\u00e9pare toutes les marques de r\u00e9ducteurs et de motor\u00e9ducteurs du march\u00e9, en utilisant des pi\u00e8ces de rechange d\u2019origine ou des pi\u00e8ces produites par nos soins lorsqu\u2019il n\u2019est pas possible de les trouver sur le march\u00e9.<\/span>[\/et_pb_text][et_pb_button button_text=\u00a0\u00bbMARQUES AVEC LESQUELLES NOUS TRAVAILLONS\u00a0\u00bb _builder_version=\u00a0\u00bb4.14.2&Prime; _module_preset=\u00a0\u00bbdefault\u00a0\u00bb custom_button=\u00a0\u00bbon\u00a0\u00bb button_text_size=\u00a0\u00bb15px\u00a0\u00bb button_text_color=\u00a0\u00bb#FFFFFF\u00a0\u00bb custom_margin=\u00a0\u00bb||20px|18px|false|false\u00a0\u00bb custom_padding=\u00a0\u00bb||||false|false\u00a0\u00bb hover_enabled=\u00a0\u00bb0&Prime; global_colors_info=\u00a0\u00bb{}\u00a0\u00bb sticky_enabled=\u00a0\u00bb0&Prime;][\/et_pb_button][\/et_pb_column][\/et_pb_row][\/et_pb_section]\n","protected":false},"excerpt":{"rendered":"<p>SERVICE DE MAINTENANCE INT\u00c9GRALE Sans besoin de stopper le processus de production, dans des conditions de plein fonctionnement en charge : Inspection visuelle des conditions externes du m\u00e9canisme (niveaux, fuites, ventilation) Mesure des valeurs et des graphiques des vibrations Contr\u00f4le des temp\u00e9ratures Analyse du lubrifiant Rapports d\u00e9taill\u00e9s INSPECTION VISUELLE INTERNE Lors d\u2019un arr\u00eat programm\u00e9, inspection [&hellip;]<\/p>\n","protected":false},"author":3,"featured_media":0,"parent":0,"menu_order":7,"comment_status":"closed","ping_status":"closed","template":"","meta":{"_et_pb_use_builder":"on","_et_pb_old_content":"<!-- wp:divi\/placeholder \/-->","_et_gb_content_width":"","footnotes":""},"class_list":["post-987495598","page","type-page","status-publish","hentry"],"yoast_head":"<!-- This site is optimized with the Yoast SEO plugin v27.2 - https:\/\/yoast.com\/product\/yoast-seo-wordpress\/ -->\n<title>MMM | Services |<\/title>\n<meta name=\"description\" content=\"SERVICE DE MAINTENANCE INT\u00c9GRALE | INSPECTION VISUELLE INTERNE | MAINTENANCE PR\u00c9VENTIVE | MAINTENANCE CORRECTIVE\" \/>\n<meta name=\"robots\" content=\"index, follow, max-snippet:-1, max-image-preview:large, max-video-preview:-1\" \/>\n<link rel=\"canonical\" href=\"https:\/\/mmmantenimiento.com\/fr\/services\/\" \/>\n<meta property=\"og:locale\" content=\"fr_FR\" \/>\n<meta property=\"og:type\" content=\"article\" \/>\n<meta property=\"og:title\" content=\"MMM | Services |\" \/>\n<meta property=\"og:description\" content=\"SERVICE DE MAINTENANCE INT\u00c9GRALE | INSPECTION VISUELLE INTERNE | MAINTENANCE PR\u00c9VENTIVE | MAINTENANCE CORRECTIVE\" \/>\n<meta property=\"og:url\" content=\"https:\/\/mmmantenimiento.com\/fr\/services\/\" \/>\n<meta property=\"og:site_name\" content=\"mmm\" \/>\n<meta property=\"article:modified_time\" content=\"2022-06-24T05:54:33+00:00\" \/>\n<meta name=\"twitter:card\" content=\"summary_large_image\" \/>\n<meta name=\"twitter:label1\" content=\"Dur\u00e9e de lecture estim\u00e9e\" \/>\n\t<meta name=\"twitter:data1\" content=\"4 minutes\" \/>\n<script type=\"application\/ld+json\" class=\"yoast-schema-graph\">{\"@context\":\"https:\/\/schema.org\",\"@graph\":[{\"@type\":\"WebPage\",\"@id\":\"https:\/\/mmmantenimiento.com\/fr\/services\/\",\"url\":\"https:\/\/mmmantenimiento.com\/fr\/services\/\",\"name\":\"MMM | Services |\",\"isPartOf\":{\"@id\":\"https:\/\/mmmantenimiento.com\/fr\/#website\"},\"datePublished\":\"2021-07-09T09:55:00+00:00\",\"dateModified\":\"2022-06-24T05:54:33+00:00\",\"description\":\"SERVICE DE MAINTENANCE INT\u00c9GRALE | INSPECTION VISUELLE INTERNE | MAINTENANCE PR\u00c9VENTIVE | MAINTENANCE CORRECTIVE\",\"breadcrumb\":{\"@id\":\"https:\/\/mmmantenimiento.com\/fr\/services\/#breadcrumb\"},\"inLanguage\":\"fr-FR\",\"potentialAction\":[{\"@type\":\"ReadAction\",\"target\":[\"https:\/\/mmmantenimiento.com\/fr\/services\/\"]}]},{\"@type\":\"BreadcrumbList\",\"@id\":\"https:\/\/mmmantenimiento.com\/fr\/services\/#breadcrumb\",\"itemListElement\":[{\"@type\":\"ListItem\",\"position\":1,\"name\":\"Portada\",\"item\":\"https:\/\/mmmantenimiento.com\/fr\/\"},{\"@type\":\"ListItem\",\"position\":2,\"name\":\"Services\"}]},{\"@type\":\"WebSite\",\"@id\":\"https:\/\/mmmantenimiento.com\/fr\/#website\",\"url\":\"https:\/\/mmmantenimiento.com\/fr\/\",\"name\":\"mmm\",\"description\":\"Mecanizaciones, Montajes y Mantenimiento\",\"publisher\":{\"@id\":\"https:\/\/mmmantenimiento.com\/fr\/#organization\"},\"potentialAction\":[{\"@type\":\"SearchAction\",\"target\":{\"@type\":\"EntryPoint\",\"urlTemplate\":\"https:\/\/mmmantenimiento.com\/fr\/?s={search_term_string}\"},\"query-input\":{\"@type\":\"PropertyValueSpecification\",\"valueRequired\":true,\"valueName\":\"search_term_string\"}}],\"inLanguage\":\"fr-FR\"},{\"@type\":\"Organization\",\"@id\":\"https:\/\/mmmantenimiento.com\/fr\/#organization\",\"name\":\"mmm\",\"url\":\"https:\/\/mmmantenimiento.com\/fr\/\",\"logo\":{\"@type\":\"ImageObject\",\"inLanguage\":\"fr-FR\",\"@id\":\"https:\/\/mmmantenimiento.com\/fr\/#\/schema\/logo\/image\/\",\"url\":\"http:\/\/proyectoweb.mmmantenimiento.com\/wp-content\/uploads\/2022\/06\/mmm-logo.jpg\",\"contentUrl\":\"http:\/\/proyectoweb.mmmantenimiento.com\/wp-content\/uploads\/2022\/06\/mmm-logo.jpg\",\"width\":400,\"height\":150,\"caption\":\"mmm\"},\"image\":{\"@id\":\"https:\/\/mmmantenimiento.com\/fr\/#\/schema\/logo\/image\/\"}}]}<\/script>\n<!-- \/ Yoast SEO plugin. -->","yoast_head_json":{"title":"MMM | Services |","description":"SERVICE DE MAINTENANCE INT\u00c9GRALE | INSPECTION VISUELLE INTERNE | MAINTENANCE PR\u00c9VENTIVE | MAINTENANCE CORRECTIVE","robots":{"index":"index","follow":"follow","max-snippet":"max-snippet:-1","max-image-preview":"max-image-preview:large","max-video-preview":"max-video-preview:-1"},"canonical":"https:\/\/mmmantenimiento.com\/fr\/services\/","og_locale":"fr_FR","og_type":"article","og_title":"MMM | Services |","og_description":"SERVICE DE MAINTENANCE INT\u00c9GRALE | INSPECTION VISUELLE INTERNE | MAINTENANCE PR\u00c9VENTIVE | MAINTENANCE CORRECTIVE","og_url":"https:\/\/mmmantenimiento.com\/fr\/services\/","og_site_name":"mmm","article_modified_time":"2022-06-24T05:54:33+00:00","twitter_card":"summary_large_image","twitter_misc":{"Dur\u00e9e de lecture estim\u00e9e":"4 minutes"},"schema":{"@context":"https:\/\/schema.org","@graph":[{"@type":"WebPage","@id":"https:\/\/mmmantenimiento.com\/fr\/services\/","url":"https:\/\/mmmantenimiento.com\/fr\/services\/","name":"MMM | Services |","isPartOf":{"@id":"https:\/\/mmmantenimiento.com\/fr\/#website"},"datePublished":"2021-07-09T09:55:00+00:00","dateModified":"2022-06-24T05:54:33+00:00","description":"SERVICE DE MAINTENANCE INT\u00c9GRALE | INSPECTION VISUELLE INTERNE | MAINTENANCE PR\u00c9VENTIVE | MAINTENANCE CORRECTIVE","breadcrumb":{"@id":"https:\/\/mmmantenimiento.com\/fr\/services\/#breadcrumb"},"inLanguage":"fr-FR","potentialAction":[{"@type":"ReadAction","target":["https:\/\/mmmantenimiento.com\/fr\/services\/"]}]},{"@type":"BreadcrumbList","@id":"https:\/\/mmmantenimiento.com\/fr\/services\/#breadcrumb","itemListElement":[{"@type":"ListItem","position":1,"name":"Portada","item":"https:\/\/mmmantenimiento.com\/fr\/"},{"@type":"ListItem","position":2,"name":"Services"}]},{"@type":"WebSite","@id":"https:\/\/mmmantenimiento.com\/fr\/#website","url":"https:\/\/mmmantenimiento.com\/fr\/","name":"mmm","description":"Mecanizaciones, Montajes y Mantenimiento","publisher":{"@id":"https:\/\/mmmantenimiento.com\/fr\/#organization"},"potentialAction":[{"@type":"SearchAction","target":{"@type":"EntryPoint","urlTemplate":"https:\/\/mmmantenimiento.com\/fr\/?s={search_term_string}"},"query-input":{"@type":"PropertyValueSpecification","valueRequired":true,"valueName":"search_term_string"}}],"inLanguage":"fr-FR"},{"@type":"Organization","@id":"https:\/\/mmmantenimiento.com\/fr\/#organization","name":"mmm","url":"https:\/\/mmmantenimiento.com\/fr\/","logo":{"@type":"ImageObject","inLanguage":"fr-FR","@id":"https:\/\/mmmantenimiento.com\/fr\/#\/schema\/logo\/image\/","url":"http:\/\/proyectoweb.mmmantenimiento.com\/wp-content\/uploads\/2022\/06\/mmm-logo.jpg","contentUrl":"http:\/\/proyectoweb.mmmantenimiento.com\/wp-content\/uploads\/2022\/06\/mmm-logo.jpg","width":400,"height":150,"caption":"mmm"},"image":{"@id":"https:\/\/mmmantenimiento.com\/fr\/#\/schema\/logo\/image\/"}}]}},"_links":{"self":[{"href":"https:\/\/mmmantenimiento.com\/fr\/wp-json\/wp\/v2\/pages\/987495598","targetHints":{"allow":["GET"]}}],"collection":[{"href":"https:\/\/mmmantenimiento.com\/fr\/wp-json\/wp\/v2\/pages"}],"about":[{"href":"https:\/\/mmmantenimiento.com\/fr\/wp-json\/wp\/v2\/types\/page"}],"author":[{"embeddable":true,"href":"https:\/\/mmmantenimiento.com\/fr\/wp-json\/wp\/v2\/users\/3"}],"replies":[{"embeddable":true,"href":"https:\/\/mmmantenimiento.com\/fr\/wp-json\/wp\/v2\/comments?post=987495598"}],"version-history":[{"count":0,"href":"https:\/\/mmmantenimiento.com\/fr\/wp-json\/wp\/v2\/pages\/987495598\/revisions"}],"wp:attachment":[{"href":"https:\/\/mmmantenimiento.com\/fr\/wp-json\/wp\/v2\/media?parent=987495598"}],"curies":[{"name":"wp","href":"https:\/\/api.w.org\/{rel}","templated":true}]}}