{"id":987495621,"date":"2022-06-23T11:03:55","date_gmt":"2022-06-23T11:03:55","guid":{"rendered":"https:\/\/mmmantenimiento.com\/asistencia-sat\/"},"modified":"2022-06-24T05:55:40","modified_gmt":"2022-06-24T05:55:40","slug":"assistance","status":"publish","type":"page","link":"https:\/\/mmmantenimiento.com\/fr\/assistance\/","title":{"rendered":"Assistance"},"content":{"rendered":"\n[et_pb_section fb_built=\u00a0\u00bb1&Prime; _builder_version=\u00a0\u00bb4.14.2&Prime; _module_preset=\u00a0\u00bbdefault\u00a0\u00bb background_image=\u00a0\u00bbhttp:\/\/mmmantenimiento.com\/wp-content\/uploads\/2022\/06\/asistencia-tecnica-1.jpg\u00a0\u00bb custom_padding=\u00a0\u00bb0px||0px|||\u00a0\u00bb global_colors_info=\u00a0\u00bb{}\u00a0\u00bb][et_pb_row _builder_version=\u00a0\u00bb4.14.2&Prime; _module_preset=\u00a0\u00bbdefault\u00a0\u00bb positioning=\u00a0\u00bbabsolute\u00a0\u00bb position_origin_a=\u00a0\u00bbbottom_right\u00a0\u00bb width=\u00a0\u00bb33%\u00a0\u00bb max_width=\u00a0\u00bb33%\u00a0\u00bb global_colors_info=\u00a0\u00bb{}\u00a0\u00bb][et_pb_column type=\u00a0\u00bb4_4&Prime; _builder_version=\u00a0\u00bb4.14.2&Prime; _module_preset=\u00a0\u00bbdefault\u00a0\u00bb global_colors_info=\u00a0\u00bb{}\u00a0\u00bb][et_pb_text _builder_version=\u00a0\u00bb4.14.2&Prime; _module_preset=\u00a0\u00bbdefault\u00a0\u00bb background_color=\u00a0\u00bbrgba(244,244,244,0.93)\u00a0\u00bb position_origin_a=\u00a0\u00bbbottom_right\u00a0\u00bb width=\u00a0\u00bb100%\u00a0\u00bb custom_padding=\u00a0\u00bb10px|20px|10px|10px|false|false\u00a0\u00bb border_width_left=\u00a0\u00bb11px\u00a0\u00bb border_color_left=\u00a0\u00bb#0e70c3&Prime; global_colors_info=\u00a0\u00bb{}\u00a0\u00bb]<h1>Valoramos y realizamos las reparaciones de cualquier reductor con las m\u00e1ximas garant\u00edas<\/h1>[\/et_pb_text][\/et_pb_column][\/et_pb_row][\/et_pb_section][et_pb_section fb_built=\u00a0\u00bb1&Prime; _builder_version=\u00a0\u00bb4.14.2&Prime; _module_preset=\u00a0\u00bbdefault\u00a0\u00bb use_background_color_gradient=\u00a0\u00bbon\u00a0\u00bb background_color_gradient_start=\u00a0\u00bbrgba(43,135,218,0.73)\u00a0\u00bb background_color_gradient_end=\u00a0\u00bbrgba(7,9,58,0.63)\u00a0\u00bb background_color_gradient_overlays_image=\u00a0\u00bbon\u00a0\u00bb background_image=\u00a0\u00bbhttp:\/\/mmmantenimiento.com\/wp-content\/uploads\/2022\/06\/asistencia-tecnica-1.jpg\u00a0\u00bb min_height=\u00a0\u00bb350px\u00a0\u00bb height=\u00a0\u00bb350px\u00a0\u00bb global_colors_info=\u00a0\u00bb{}\u00a0\u00bb][\/et_pb_section][et_pb_section fb_built=\u00a0\u00bb1&Prime; _builder_version=\u00a0\u00bb4.14.2&Prime; _module_preset=\u00a0\u00bbdefault\u00a0\u00bb custom_padding=\u00a0\u00bb23px||0px|||\u00a0\u00bb global_colors_info=\u00a0\u00bb{}\u00a0\u00bb][et_pb_row _builder_version=\u00a0\u00bb4.14.2&Prime; _module_preset=\u00a0\u00bbdefault\u00a0\u00bb custom_padding=\u00a0\u00bb||0px|||\u00a0\u00bb global_colors_info=\u00a0\u00bb{}\u00a0\u00bb][et_pb_column type=\u00a0\u00bb4_4&Prime; _builder_version=\u00a0\u00bb4.9.7&Prime; _module_preset=\u00a0\u00bbdefault\u00a0\u00bb global_colors_info=\u00a0\u00bb{}\u00a0\u00bb][et_pb_blurb title=\u00a0\u00bbService Assistance Technique &#8211; SAT\u00a0\u00bb icon_placement=\u00a0\u00bbleft\u00a0\u00bb _builder_version=\u00a0\u00bb4.14.2&Prime; _module_preset=\u00a0\u00bbdefault\u00a0\u00bb header_font_size=\u00a0\u00bb27px\u00a0\u00bb hover_enabled=\u00a0\u00bb0&Prime; border_width_bottom=\u00a0\u00bb11px\u00a0\u00bb border_color_bottom=\u00a0\u00bb#0C71C3&Prime; border_style_bottom=\u00a0\u00bbridge\u00a0\u00bb global_colors_info=\u00a0\u00bb{}\u00a0\u00bb sticky_enabled=\u00a0\u00bb0&Prime;][\/et_pb_blurb][et_pb_text _builder_version=\u00a0\u00bb4.14.2&Prime; _module_preset=\u00a0\u00bbdefault\u00a0\u00bb text_font_size=\u00a0\u00bb15px\u00a0\u00bb hover_enabled=\u00a0\u00bb0&Prime; global_colors_info=\u00a0\u00bb{}\u00a0\u00bb sticky_enabled=\u00a0\u00bb0&Prime;]<p class=\"p1\" style=\"text-align: justify;\"><b>\u00a0mmm<\/b>\u00a0dispose d\u2019une \u00e9quipe de professionnels qualifi\u00e9s disposant d\u2019une longue exp\u00e9rience et dispos\u00e9s \u00e0 offrir un service d\u2019assistance technique et de r\u00e9paration de toutes les marques de r\u00e9ducteurs existantes sur le march\u00e9..<\/p>\n<p class=\"p1\" style=\"text-align: justify;\"><b>Comment travaillons-nous ?\n<\/b><\/p>\n<p class=\"p1\" style=\"text-align: justify;\">Si vous avez un probl\u00e8me sur vos \u00e9quipements ou si vous avez besoin d\u2019une r\u00e9vision de ceux-ci, contactez notre r\u00e9seau commercial et notre personnel vous guidera pour r\u00e9pondre \u00e0 vos besoins.\n<\/p>[\/et_pb_text][et_pb_button button_url=\u00a0\u00bb@ET-DC@eyJkeW5hbWljIjp0cnVlLCJjb250ZW50IjoicG9zdF9saW5rX3VybF9wYWdlIiwic2V0dGluZ3MiOnsicG9zdF9pZCI6IjExIn19@\u00a0\u00bb button_text=\u00a0\u00bbContacter le r\u00e9seau commercial\u00a0\u00bb button_alignment=\u00a0\u00bbcenter\u00a0\u00bb _builder_version=\u00a0\u00bb4.14.2&Prime; _dynamic_attributes=\u00a0\u00bbbutton_url\u00a0\u00bb _module_preset=\u00a0\u00bbdefault\u00a0\u00bb custom_button=\u00a0\u00bbon\u00a0\u00bb button_text_size=\u00a0\u00bb14px\u00a0\u00bb hover_enabled=\u00a0\u00bb0&Prime; global_colors_info=\u00a0\u00bb{}\u00a0\u00bb sticky_enabled=\u00a0\u00bb0&Prime;][\/et_pb_button][\/et_pb_column][\/et_pb_row][\/et_pb_section][et_pb_section fb_built=\u00a0\u00bb1&Prime; _builder_version=\u00a0\u00bb4.14.2&Prime; _module_preset=\u00a0\u00bbdefault\u00a0\u00bb global_colors_info=\u00a0\u00bb{}\u00a0\u00bb][et_pb_row _builder_version=\u00a0\u00bb4.14.2&Prime; _module_preset=\u00a0\u00bbdefault\u00a0\u00bb global_colors_info=\u00a0\u00bb{}\u00a0\u00bb][et_pb_column type=\u00a0\u00bb4_4&Prime; _builder_version=\u00a0\u00bb4.14.2&Prime; _module_preset=\u00a0\u00bbdefault\u00a0\u00bb global_colors_info=\u00a0\u00bb{}\u00a0\u00bb][et_pb_blurb title=\u00a0\u00bbQue g\u00e9rons-nous depuis le SAT ?\u00a0\u00bb icon_placement=\u00a0\u00bbleft\u00a0\u00bb _builder_version=\u00a0\u00bb4.14.2&Prime; _module_preset=\u00a0\u00bbdefault\u00a0\u00bb header_font_size=\u00a0\u00bb27px\u00a0\u00bb hover_enabled=\u00a0\u00bb0&Prime; border_width_bottom=\u00a0\u00bb11px\u00a0\u00bb border_color_bottom=\u00a0\u00bb#0C71C3&Prime; border_style_bottom=\u00a0\u00bbridge\u00a0\u00bb global_colors_info=\u00a0\u00bb{}\u00a0\u00bb sticky_enabled=\u00a0\u00bb0&Prime;][\/et_pb_blurb][\/et_pb_column][\/et_pb_row][et_pb_row _builder_version=\u00a0\u00bb4.14.2&Prime; _module_preset=\u00a0\u00bbdefault\u00a0\u00bb global_colors_info=\u00a0\u00bb{}\u00a0\u00bb][et_pb_column type=\u00a0\u00bb4_4&Prime; _builder_version=\u00a0\u00bb4.14.2&Prime; _module_preset=\u00a0\u00bbdefault\u00a0\u00bb global_colors_info=\u00a0\u00bb{}\u00a0\u00bb][et_pb_text ol_position=\u00a0\u00bboutside\u00a0\u00bb _builder_version=\u00a0\u00bb4.14.2&Prime; _module_preset=\u00a0\u00bbdefault\u00a0\u00bb ol_font_size=\u00a0\u00bb25px\u00a0\u00bb header_3_font_size=\u00a0\u00bb31px\u00a0\u00bb header_4_font_size=\u00a0\u00bb26px\u00a0\u00bb header_5_font=\u00a0\u00bbMontserrat||||||||\u00a0\u00bb header_5_font_size=\u00a0\u00bb20px\u00a0\u00bb header_5_line_height=\u00a0\u00bb1.9em\u00a0\u00bb header_6_font=\u00a0\u00bbMontserrat||||||||\u00a0\u00bb header_6_text_color=\u00a0\u00bb#000000&Prime; header_6_font_size=\u00a0\u00bb15px\u00a0\u00bb header_6_line_height=\u00a0\u00bb1.4em\u00a0\u00bb hover_enabled=\u00a0\u00bb0&Prime; global_colors_info=\u00a0\u00bb{}\u00a0\u00bb sticky_enabled=\u00a0\u00bb0&Prime;]<ol>\n\t<li>\n<h5> L\u2019identification des caract\u00e9ristiques des m\u00e9canismes <\/h5>\n<h6><\/h6>\n<\/li>\n\t<li>\n<h5> L\u2019installation pour laquelle ils travaillent <\/h5>\n<\/li>\n\t<li>\n<h5>Mesures \u00e0 prendre pour leur mise au point\n<\/h5>\n<ul>\n\t<li>\n<h6>S\u2019il s\u2019agit d\u2019une maintenance pr\u00e9ventive, un rendez-vous sera pris avec le client pour r\u00e9aliser l\u2019\u00e9tude du comportement des r\u00e9ducteurs.\n<\/h6>\n<\/li>\n\t<li>\n<h6>Lors de cette visite, un ensemble de tests sera r\u00e9alis\u00e9 (analyse des vibrations, des bruits, temp\u00e9rature, inspection visuelle, possibles surcharges dans l\u2019installation, espace de travail&#8230;)\n<\/h6>\n<\/li>\n\t<li>\n<h6>Une fois l\u2019inspection termin\u00e9e, un rapport sera remis au client avec les erreurs et les recommandations pour obtenir les meilleures conditions de travail de ses \u00e9quipements.\u2028 Si une intervention de r\u00e9paration est n\u00e9cessaire, nous recommandons \u00e0 nos clients d\u2019envoyer leurs \u00e9quipements dans nos installations.\n<\/h6>\n<\/li>\n\t<li>\n<h6>Nous pr\u00e9c\u00e9derons alors au d\u00e9montage des m\u00e9canismes pour identifier les pi\u00e8ces d\u00e9t\u00e9rior\u00e9es ou qui n\u00e9cessitent un remplacement, quelles que soient les raisons. (Rupture des dents des engrenages, pitting sur celles-ci, mauvais graissage, usure des roulements et des r\u00e9tentions, \u00e9tanch\u00e9it\u00e9 inappropri\u00e9e&#8230;)\n<\/h6>\n<\/li>\n\t<li>\n<h6> Apr\u00e8s cette \u00e9tude, sera envoy\u00e9e au client la proposition de r\u00e9paration correspondante. <\/h6>\n<\/li>\n<\/ul>\n<\/li>\n\t<li>\n<h5> Si le client donne son approbation, les travaux n\u00e9cessaires \u00e0 la r\u00e9paration pourront \u00eatre r\u00e9alis\u00e9s. <\/h5>\n<ul>\n\t<li>\n<h6>Notre service technique est capable de r\u00e9aliser le croquis des pi\u00e8ces n\u00e9cessaires pour fabriquer des engrenages et des structures \u00e9changeables avec les \u00e9l\u00e9ments ab\u00eem\u00e9s.\n<\/h6>\n<\/li>\n\t<li>\n<h6>Un de nos atouts est que nous pouvons fabriquer tout type d\u2019engrenage ou de r\u00e9ducteur dans nos installations.\n<\/h6>\n<\/li>\n\t<li>\n<h6>Nous travaillons \u00e9galement avec les premi\u00e8res marques de roulements, r\u00e9tentions, lubrifiants et autres \u00e9l\u00e9ments commerciaux n\u00e9cessaires.\n<\/h6>\n<\/li>\n<\/ul>\n<\/li>\n\t<li>\n<h5>Lorsque l\u2019intervention sera termin\u00e9e, les \u00e9quipements seront mis en fonctionnement sur notre banc d\u2019essai et soumis \u00e0 diff\u00e9rents tests pour analyser leur comportement optimal.\n<\/h5>\n<\/li>\n\t<li>\n<h5> Enfin, les m\u00e9canismes seront peints et emball\u00e9s pour leur transfert. <\/h5>\n<ul>\n\t<li>\n<h6>Nous travaillons aussi bien au niveau national qu\u2019international.\n<\/h6>\n<\/li>\n\t<li>\n<h6>Notre garantie de r\u00e9paration est de 6 mois \u00e0 compter de leur exp\u00e9dition.<\/h6>\n<\/li>\n<\/ul>\n<\/li>\n<\/ol>\n<h6><strong>Nous sommes \u00e0 votre disposition pour r\u00e9pondre \u00e0 toute intervention n\u00e9cessaire.\n<\/strong><\/h6>[\/et_pb_text][\/et_pb_column][\/et_pb_row][\/et_pb_section][et_pb_section fb_built=\u00a0\u00bb1&Prime; _builder_version=\u00a0\u00bb4.9.7&Prime; _module_preset=\u00a0\u00bbdefault\u00a0\u00bb background_color=\u00a0\u00bb#f2f2f2&Prime; custom_padding=\u00a0\u00bb9px||12px|||\u00a0\u00bb global_colors_info=\u00a0\u00bb{}\u00a0\u00bb][et_pb_row column_structure=\u00a0\u00bb2_5,3_5&Prime; _builder_version=\u00a0\u00bb4.9.7&Prime; _module_preset=\u00a0\u00bbdefault\u00a0\u00bb global_colors_info=\u00a0\u00bb{}\u00a0\u00bb][et_pb_column type=\u00a0\u00bb2_5&Prime; _builder_version=\u00a0\u00bb4.9.7&Prime; _module_preset=\u00a0\u00bbdefault\u00a0\u00bb global_colors_info=\u00a0\u00bb{}\u00a0\u00bb][et_pb_image src=\u00a0\u00bbhttp:\/\/proyectoweb.mmmantenimiento.com\/wp-content\/uploads\/2021\/07\/Soteco-Ralpe-Flender-logos.png\u00a0\u00bb title_text=\u00a0\u00bbSoteco-Ralpe-Flender-logos\u00a0\u00bb _builder_version=\u00a0\u00bb4.9.7&Prime; _module_preset=\u00a0\u00bbdefault\u00a0\u00bb global_colors_info=\u00a0\u00bb{}\u00a0\u00bb][\/et_pb_image][\/et_pb_column][et_pb_column type=\u00a0\u00bb3_5&Prime; _builder_version=\u00a0\u00bb4.9.7&Prime; _module_preset=\u00a0\u00bbdefault\u00a0\u00bb global_colors_info=\u00a0\u00bb{}\u00a0\u00bb][et_pb_blurb title=\u00a0\u00bbServicio de Asistencia T\u00e9cnica Autorizado\u00a0\u00bb use_icon=\u00a0\u00bbon\u00a0\u00bb font_icon=\u00a0\u00bb&#x45;||divi||400&Prime; icon_placement=\u00a0\u00bbleft\u00a0\u00bb _builder_version=\u00a0\u00bb4.13.0&Prime; _module_preset=\u00a0\u00bbdefault\u00a0\u00bb header_font=\u00a0\u00bb|600|||||||\u00a0\u00bb header_font_size=\u00a0\u00bb20px\u00a0\u00bb global_colors_info=\u00a0\u00bb{}\u00a0\u00bb]<p><span>Somos Servicio de Asistencia T\u00e9cnica Autorizado para las marcas <strong>SOTECO, RALPE y FLENDER SERVICE<\/strong>, pero estamos capacitados para efectuar el seguimiento y reparaci\u00f3n de cualquier marca y tipo de mecanismo, independientemente de su origen.<\/span><\/p>[\/et_pb_blurb][\/et_pb_column][\/et_pb_row][\/et_pb_section]\n","protected":false},"excerpt":{"rendered":"<p>Valoramos y realizamos las reparaciones de cualquier reductor con las m\u00e1ximas garant\u00edas\u00a0mmm\u00a0dispose d\u2019une \u00e9quipe de professionnels qualifi\u00e9s disposant d\u2019une longue exp\u00e9rience et dispos\u00e9s \u00e0 offrir un service d\u2019assistance technique et de r\u00e9paration de toutes les marques de r\u00e9ducteurs existantes sur le march\u00e9.. Comment travaillons-nous ? Si vous avez un probl\u00e8me sur vos \u00e9quipements ou si [&hellip;]<\/p>\n","protected":false},"author":3,"featured_media":0,"parent":0,"menu_order":0,"comment_status":"closed","ping_status":"closed","template":"","meta":{"_et_pb_use_builder":"on","_et_pb_old_content":"","_et_gb_content_width":"","footnotes":""},"class_list":["post-987495621","page","type-page","status-publish","hentry"],"yoast_head":"<!-- This site is optimized with the Yoast SEO plugin v27.2 - https:\/\/yoast.com\/product\/yoast-seo-wordpress\/ -->\n<title>MMM | Service Assistance Technique - SAT<\/title>\n<meta name=\"description\" content=\"mmm dispose d\u2019une \u00e9quipe de professionnels qualifi\u00e9s disposant d\u2019une longue exp\u00e9rience et dispos\u00e9s \u00e0 offrir un service d\u2019assistance technique et de r\u00e9paration de toutes les marques de r\u00e9ducteurs existantes sur le march\u00e9..\" \/>\n<meta name=\"robots\" content=\"index, follow, max-snippet:-1, max-image-preview:large, max-video-preview:-1\" \/>\n<link rel=\"canonical\" href=\"https:\/\/mmmantenimiento.com\/fr\/assistance\/\" \/>\n<meta property=\"og:locale\" content=\"fr_FR\" \/>\n<meta property=\"og:type\" content=\"article\" \/>\n<meta property=\"og:title\" content=\"MMM | Service Assistance Technique - SAT\" \/>\n<meta property=\"og:description\" content=\"mmm dispose d\u2019une \u00e9quipe de professionnels qualifi\u00e9s disposant d\u2019une longue exp\u00e9rience et dispos\u00e9s \u00e0 offrir un service d\u2019assistance technique et de r\u00e9paration de toutes les marques de r\u00e9ducteurs existantes sur le march\u00e9..\" \/>\n<meta property=\"og:url\" content=\"https:\/\/mmmantenimiento.com\/fr\/assistance\/\" \/>\n<meta property=\"og:site_name\" content=\"mmm\" \/>\n<meta property=\"article:modified_time\" content=\"2022-06-24T05:55:40+00:00\" \/>\n<meta name=\"twitter:card\" content=\"summary_large_image\" \/>\n<meta name=\"twitter:label1\" content=\"Dur\u00e9e de lecture estim\u00e9e\" \/>\n\t<meta name=\"twitter:data1\" content=\"3 minutes\" \/>\n<script type=\"application\/ld+json\" class=\"yoast-schema-graph\">{\"@context\":\"https:\/\/schema.org\",\"@graph\":[{\"@type\":\"WebPage\",\"@id\":\"https:\/\/mmmantenimiento.com\/fr\/assistance\/\",\"url\":\"https:\/\/mmmantenimiento.com\/fr\/assistance\/\",\"name\":\"MMM | Service Assistance Technique - SAT\",\"isPartOf\":{\"@id\":\"https:\/\/mmmantenimiento.com\/fr\/#website\"},\"datePublished\":\"2022-06-23T11:03:55+00:00\",\"dateModified\":\"2022-06-24T05:55:40+00:00\",\"description\":\"mmm dispose d\u2019une \u00e9quipe de professionnels qualifi\u00e9s disposant d\u2019une longue exp\u00e9rience et dispos\u00e9s \u00e0 offrir un service d\u2019assistance technique et de r\u00e9paration de toutes les marques de r\u00e9ducteurs existantes sur le march\u00e9..\",\"breadcrumb\":{\"@id\":\"https:\/\/mmmantenimiento.com\/fr\/assistance\/#breadcrumb\"},\"inLanguage\":\"fr-FR\",\"potentialAction\":[{\"@type\":\"ReadAction\",\"target\":[\"https:\/\/mmmantenimiento.com\/fr\/assistance\/\"]}]},{\"@type\":\"BreadcrumbList\",\"@id\":\"https:\/\/mmmantenimiento.com\/fr\/assistance\/#breadcrumb\",\"itemListElement\":[{\"@type\":\"ListItem\",\"position\":1,\"name\":\"Portada\",\"item\":\"https:\/\/mmmantenimiento.com\/fr\/\"},{\"@type\":\"ListItem\",\"position\":2,\"name\":\"Assistance\"}]},{\"@type\":\"WebSite\",\"@id\":\"https:\/\/mmmantenimiento.com\/fr\/#website\",\"url\":\"https:\/\/mmmantenimiento.com\/fr\/\",\"name\":\"mmm\",\"description\":\"Mecanizaciones, Montajes y Mantenimiento\",\"publisher\":{\"@id\":\"https:\/\/mmmantenimiento.com\/fr\/#organization\"},\"potentialAction\":[{\"@type\":\"SearchAction\",\"target\":{\"@type\":\"EntryPoint\",\"urlTemplate\":\"https:\/\/mmmantenimiento.com\/fr\/?s={search_term_string}\"},\"query-input\":{\"@type\":\"PropertyValueSpecification\",\"valueRequired\":true,\"valueName\":\"search_term_string\"}}],\"inLanguage\":\"fr-FR\"},{\"@type\":\"Organization\",\"@id\":\"https:\/\/mmmantenimiento.com\/fr\/#organization\",\"name\":\"mmm\",\"url\":\"https:\/\/mmmantenimiento.com\/fr\/\",\"logo\":{\"@type\":\"ImageObject\",\"inLanguage\":\"fr-FR\",\"@id\":\"https:\/\/mmmantenimiento.com\/fr\/#\/schema\/logo\/image\/\",\"url\":\"http:\/\/proyectoweb.mmmantenimiento.com\/wp-content\/uploads\/2022\/06\/mmm-logo.jpg\",\"contentUrl\":\"http:\/\/proyectoweb.mmmantenimiento.com\/wp-content\/uploads\/2022\/06\/mmm-logo.jpg\",\"width\":400,\"height\":150,\"caption\":\"mmm\"},\"image\":{\"@id\":\"https:\/\/mmmantenimiento.com\/fr\/#\/schema\/logo\/image\/\"}}]}<\/script>\n<!-- \/ Yoast SEO plugin. -->","yoast_head_json":{"title":"MMM | Service Assistance Technique - SAT","description":"mmm dispose d\u2019une \u00e9quipe de professionnels qualifi\u00e9s disposant d\u2019une longue exp\u00e9rience et dispos\u00e9s \u00e0 offrir un service d\u2019assistance technique et de r\u00e9paration de toutes les marques de r\u00e9ducteurs existantes sur le march\u00e9..","robots":{"index":"index","follow":"follow","max-snippet":"max-snippet:-1","max-image-preview":"max-image-preview:large","max-video-preview":"max-video-preview:-1"},"canonical":"https:\/\/mmmantenimiento.com\/fr\/assistance\/","og_locale":"fr_FR","og_type":"article","og_title":"MMM | Service Assistance Technique - SAT","og_description":"mmm dispose d\u2019une \u00e9quipe de professionnels qualifi\u00e9s disposant d\u2019une longue exp\u00e9rience et dispos\u00e9s \u00e0 offrir un service d\u2019assistance technique et de r\u00e9paration de toutes les marques de r\u00e9ducteurs existantes sur le march\u00e9..","og_url":"https:\/\/mmmantenimiento.com\/fr\/assistance\/","og_site_name":"mmm","article_modified_time":"2022-06-24T05:55:40+00:00","twitter_card":"summary_large_image","twitter_misc":{"Dur\u00e9e de lecture estim\u00e9e":"3 minutes"},"schema":{"@context":"https:\/\/schema.org","@graph":[{"@type":"WebPage","@id":"https:\/\/mmmantenimiento.com\/fr\/assistance\/","url":"https:\/\/mmmantenimiento.com\/fr\/assistance\/","name":"MMM | Service Assistance Technique - SAT","isPartOf":{"@id":"https:\/\/mmmantenimiento.com\/fr\/#website"},"datePublished":"2022-06-23T11:03:55+00:00","dateModified":"2022-06-24T05:55:40+00:00","description":"mmm dispose d\u2019une \u00e9quipe de professionnels qualifi\u00e9s disposant d\u2019une longue exp\u00e9rience et dispos\u00e9s \u00e0 offrir un service d\u2019assistance technique et de r\u00e9paration de toutes les marques de r\u00e9ducteurs existantes sur le march\u00e9..","breadcrumb":{"@id":"https:\/\/mmmantenimiento.com\/fr\/assistance\/#breadcrumb"},"inLanguage":"fr-FR","potentialAction":[{"@type":"ReadAction","target":["https:\/\/mmmantenimiento.com\/fr\/assistance\/"]}]},{"@type":"BreadcrumbList","@id":"https:\/\/mmmantenimiento.com\/fr\/assistance\/#breadcrumb","itemListElement":[{"@type":"ListItem","position":1,"name":"Portada","item":"https:\/\/mmmantenimiento.com\/fr\/"},{"@type":"ListItem","position":2,"name":"Assistance"}]},{"@type":"WebSite","@id":"https:\/\/mmmantenimiento.com\/fr\/#website","url":"https:\/\/mmmantenimiento.com\/fr\/","name":"mmm","description":"Mecanizaciones, Montajes y Mantenimiento","publisher":{"@id":"https:\/\/mmmantenimiento.com\/fr\/#organization"},"potentialAction":[{"@type":"SearchAction","target":{"@type":"EntryPoint","urlTemplate":"https:\/\/mmmantenimiento.com\/fr\/?s={search_term_string}"},"query-input":{"@type":"PropertyValueSpecification","valueRequired":true,"valueName":"search_term_string"}}],"inLanguage":"fr-FR"},{"@type":"Organization","@id":"https:\/\/mmmantenimiento.com\/fr\/#organization","name":"mmm","url":"https:\/\/mmmantenimiento.com\/fr\/","logo":{"@type":"ImageObject","inLanguage":"fr-FR","@id":"https:\/\/mmmantenimiento.com\/fr\/#\/schema\/logo\/image\/","url":"http:\/\/proyectoweb.mmmantenimiento.com\/wp-content\/uploads\/2022\/06\/mmm-logo.jpg","contentUrl":"http:\/\/proyectoweb.mmmantenimiento.com\/wp-content\/uploads\/2022\/06\/mmm-logo.jpg","width":400,"height":150,"caption":"mmm"},"image":{"@id":"https:\/\/mmmantenimiento.com\/fr\/#\/schema\/logo\/image\/"}}]}},"_links":{"self":[{"href":"https:\/\/mmmantenimiento.com\/fr\/wp-json\/wp\/v2\/pages\/987495621","targetHints":{"allow":["GET"]}}],"collection":[{"href":"https:\/\/mmmantenimiento.com\/fr\/wp-json\/wp\/v2\/pages"}],"about":[{"href":"https:\/\/mmmantenimiento.com\/fr\/wp-json\/wp\/v2\/types\/page"}],"author":[{"embeddable":true,"href":"https:\/\/mmmantenimiento.com\/fr\/wp-json\/wp\/v2\/users\/3"}],"replies":[{"embeddable":true,"href":"https:\/\/mmmantenimiento.com\/fr\/wp-json\/wp\/v2\/comments?post=987495621"}],"version-history":[{"count":0,"href":"https:\/\/mmmantenimiento.com\/fr\/wp-json\/wp\/v2\/pages\/987495621\/revisions"}],"wp:attachment":[{"href":"https:\/\/mmmantenimiento.com\/fr\/wp-json\/wp\/v2\/media?parent=987495621"}],"curies":[{"name":"wp","href":"https:\/\/api.w.org\/{rel}","templated":true}]}}