{"id":987495625,"date":"2021-07-09T09:53:58","date_gmt":"2021-07-09T09:53:58","guid":{"rendered":"https:\/\/mmmantenimiento.com\/red-comercial\/"},"modified":"2022-07-28T11:05:53","modified_gmt":"2022-07-28T11:05:53","slug":"reseau-commercial","status":"publish","type":"page","link":"https:\/\/mmmantenimiento.com\/fr\/reseau-commercial\/","title":{"rendered":"R\u00e9seau Commercial"},"content":{"rendered":"<p>[et_pb_section fb_built=\u00a0\u00bb1&Prime; _builder_version=\u00a0\u00bb4.9.7&Prime; _module_preset=\u00a0\u00bbdefault\u00a0\u00bb global_colors_info=\u00a0\u00bb{}\u00a0\u00bb][et_pb_row column_structure=\u00a0\u00bb1_2,1_2&Prime; _builder_version=\u00a0\u00bb4.9.7&Prime; _module_preset=\u00a0\u00bbdefault\u00a0\u00bb global_colors_info=\u00a0\u00bb{}\u00a0\u00bb][et_pb_column type=\u00a0\u00bb1_2&Prime; _builder_version=\u00a0\u00bb4.9.7&Prime; _module_preset=\u00a0\u00bbdefault\u00a0\u00bb global_colors_info=\u00a0\u00bb{}\u00a0\u00bb][et_pb_text _builder_version=\u00a0\u00bb4.14.2&Prime; _module_preset=\u00a0\u00bbdefault\u00a0\u00bb text_font=\u00a0\u00bb|600||on|||||\u00a0\u00bb text_text_color=\u00a0\u00bb#0C71C3&Prime; text_font_size=\u00a0\u00bb18px\u00a0\u00bb custom_margin=\u00a0\u00bb33px||17px|||\u00a0\u00bb custom_padding=\u00a0\u00bb0px|||11px|false|false\u00a0\u00bb border_width_left=\u00a0\u00bb4px\u00a0\u00bb border_color_left=\u00a0\u00bb#1273b9&Prime; global_colors_info=\u00a0\u00bb{}\u00a0\u00bb]SI\u00c8GE CENTRAL[\/et_pb_text][et_pb_blurb use_icon=\u00a0\u00bbon\u00a0\u00bb font_icon=\u00a0\u00bb&#xe01d;||divi||400&Prime; icon_color=\u00a0\u00bb#0C71C3&Prime; icon_placement=\u00a0\u00bbleft\u00a0\u00bb image_icon_width=\u00a0\u00bb21px\u00a0\u00bb _builder_version=\u00a0\u00bb4.14.2&Prime; _module_preset=\u00a0\u00bbdefault\u00a0\u00bb body_font_size=\u00a0\u00bb18px\u00a0\u00bb custom_margin=\u00a0\u00bb||20px||false|false\u00a0\u00bb icon_font_size=\u00a0\u00bb21px\u00a0\u00bb global_colors_info=\u00a0\u00bb{}\u00a0\u00bb]Pol\u00edgono Industrial BEKEA Nave 6-K<br \/>\n48960 Galdakao \u2013 Bizkaia<br \/>\nEspagne[\/et_pb_blurb][et_pb_blurb use_icon=\u00a0\u00bbon\u00a0\u00bb font_icon=\u00a0\u00bb&#xe010;||divi||400&Prime; icon_color=\u00a0\u00bb#0C71C3&Prime; icon_placement=\u00a0\u00bbleft\u00a0\u00bb image_icon_width=\u00a0\u00bb21px\u00a0\u00bb _builder_version=\u00a0\u00bb4.14.2&Prime; _module_preset=\u00a0\u00bbdefault\u00a0\u00bb body_font_size=\u00a0\u00bb18px\u00a0\u00bb custom_margin=\u00a0\u00bb||20px||false|false\u00a0\u00bb icon_font_size=\u00a0\u00bb21px\u00a0\u00bb global_colors_info=\u00a0\u00bb{}\u00a0\u00bb]<\/p>\n<p><span style=\"color: #000000;\">contacto@mmmantenimiento.com<\/span><\/p>\n<p>[\/et_pb_blurb][et_pb_blurb use_icon=\u00a0\u00bbon\u00a0\u00bb font_icon=\u00a0\u00bb&#xe00b;||divi||400&Prime; icon_color=\u00a0\u00bb#0C71C3&Prime; icon_placement=\u00a0\u00bbleft\u00a0\u00bb image_icon_width=\u00a0\u00bb21px\u00a0\u00bb _builder_version=\u00a0\u00bb4.14.2&Prime; _module_preset=\u00a0\u00bbdefault\u00a0\u00bb body_font_size=\u00a0\u00bb18px\u00a0\u00bb custom_margin=\u00a0\u00bb||12px|||\u00a0\u00bb icon_font_size=\u00a0\u00bb21px\u00a0\u00bb global_colors_info=\u00a0\u00bb{}\u00a0\u00bb]<\/p>\n<p><span style=\"color: #000000;\">+34 944 036 646<\/span><\/p>\n<p>[\/et_pb_blurb][et_pb_text _builder_version=\u00a0\u00bb4.14.2&Prime; _module_preset=\u00a0\u00bbdefault\u00a0\u00bb text_font=\u00a0\u00bb|600||on|||||\u00a0\u00bb text_text_color=\u00a0\u00bb#0C71C3&Prime; text_font_size=\u00a0\u00bb18px\u00a0\u00bb min_height=\u00a0\u00bb4.8px\u00a0\u00bb custom_margin=\u00a0\u00bb33px||17px|||\u00a0\u00bb custom_padding=\u00a0\u00bb0px|||11px|false|false\u00a0\u00bb border_width_left=\u00a0\u00bb4px\u00a0\u00bb border_color_left=\u00a0\u00bb#1273b9&Prime; global_colors_info=\u00a0\u00bb{}\u00a0\u00bb]D\u00c9L\u00c9GU\u00c9S COMMERCIAUX[\/et_pb_text][et_pb_text _builder_version=\u00a0\u00bb4.14.2&Prime; _module_preset=\u00a0\u00bbdefault\u00a0\u00bb text_font_size=\u00a0\u00bb16px\u00a0\u00bb global_colors_info=\u00a0\u00bb{}\u00a0\u00bb]<\/p>\n<p><strong> Zone Nord et Catalogne <\/strong><br \/>Jes\u00fas M\u00aa P\u00e9rez<br \/>T\u00e9l\u00e9phone: 621 22 91 08<\/p>\n<p><strong> Zone Centre et Sud <\/strong><br \/>Luis de Ceglia Alcalde<br \/>T\u00e9l\u00e9phone: 621 23 30 56<\/p>\n<p>[\/et_pb_text][\/et_pb_column][et_pb_column type=\u00a0\u00bb1_2&Prime; _builder_version=\u00a0\u00bb4.9.7&Prime; _module_preset=\u00a0\u00bbdefault\u00a0\u00bb global_colors_info=\u00a0\u00bb{}\u00a0\u00bb][et_pb_code _builder_version=\u00a0\u00bb4.14.2&Prime; _module_preset=\u00a0\u00bbdefault\u00a0\u00bb global_colors_info=\u00a0\u00bb{}\u00a0\u00bb]<iframe src=\"https:\/\/www.google.com\/maps\/embed?pb=!1m14!1m8!1m3!1d11628.02950479614!2d-2.828365!3d43.230305!3m2!1i1024!2i768!4f13.1!3m3!1m2!1s0x0%3A0xbba20262fb489cbe!2smecanizaciones%2C%20montajes%20y%20mantenimientos%2C%20s.l.!5e0!3m2!1ses!2ses!4v1655713367340!5m2!1ses!2ses\" width=\"100%\" height=\"450\" style=\"border:0;\" allowfullscreen=\"\" loading=\"lazy\" referrerpolicy=\"no-referrer-when-downgrade\"><\/iframe>[\/et_pb_code][\/et_pb_column][\/et_pb_row][\/et_pb_section]<\/p>\n","protected":false},"excerpt":{"rendered":"<p>SI\u00c8GE CENTRALPol\u00edgono Industrial BEKEA Nave 6-K 48960 Galdakao \u2013 Bizkaia Espagnecontacto@mmmantenimiento.com+34 944 036 646D\u00c9L\u00c9GU\u00c9S COMMERCIAUX Zone Nord et Catalogne Jes\u00fas M\u00aa P\u00e9rezT\u00e9l\u00e9phone: 621 22 91 08 Zone Centre et Sud Luis de Ceglia AlcaldeT\u00e9l\u00e9phone: 621 23 30 56<\/p>\n","protected":false},"author":3,"featured_media":0,"parent":0,"menu_order":3,"comment_status":"closed","ping_status":"closed","template":"","meta":{"_et_pb_use_builder":"on","_et_pb_old_content":"<!-- wp:divi\/placeholder \/-->","_et_gb_content_width":"","footnotes":""},"class_list":["post-987495625","page","type-page","status-publish","hentry"],"yoast_head":"<!-- This site is optimized with the Yoast SEO plugin v27.2 - https:\/\/yoast.com\/product\/yoast-seo-wordpress\/ -->\n<title>MMM | Eseau commercial | Maintenance et r\u00e9paration<\/title>\n<meta name=\"description\" content=\"SI\u00c8GE CENTRAL: Pol\u00edgono Industrial BEKEA Nave 6-K48960 Galdakao \u2013 Bizkaia. Espagne. D\u00c9L\u00c9GU\u00c9S COMMERCIAUX: Zone Nord et Catalogne, Zone Centre et Sud\" \/>\n<meta name=\"robots\" content=\"index, follow, max-snippet:-1, max-image-preview:large, max-video-preview:-1\" \/>\n<link rel=\"canonical\" href=\"https:\/\/mmmantenimiento.com\/fr\/reseau-commercial\/\" \/>\n<meta property=\"og:locale\" content=\"fr_FR\" \/>\n<meta property=\"og:type\" content=\"article\" \/>\n<meta property=\"og:title\" content=\"MMM | Eseau commercial | Maintenance et r\u00e9paration\" \/>\n<meta property=\"og:description\" content=\"SI\u00c8GE CENTRAL: Pol\u00edgono Industrial BEKEA Nave 6-K48960 Galdakao \u2013 Bizkaia. Espagne. D\u00c9L\u00c9GU\u00c9S COMMERCIAUX: Zone Nord et Catalogne, Zone Centre et Sud\" \/>\n<meta property=\"og:url\" content=\"https:\/\/mmmantenimiento.com\/fr\/reseau-commercial\/\" \/>\n<meta property=\"og:site_name\" content=\"mmm\" \/>\n<meta property=\"article:modified_time\" content=\"2022-07-28T11:05:53+00:00\" \/>\n<meta name=\"twitter:card\" content=\"summary_large_image\" \/>\n<meta name=\"twitter:label1\" content=\"Dur\u00e9e de lecture estim\u00e9e\" \/>\n\t<meta name=\"twitter:data1\" content=\"1 minute\" \/>\n<script type=\"application\/ld+json\" class=\"yoast-schema-graph\">{\"@context\":\"https:\/\/schema.org\",\"@graph\":[{\"@type\":\"WebPage\",\"@id\":\"https:\/\/mmmantenimiento.com\/fr\/reseau-commercial\/\",\"url\":\"https:\/\/mmmantenimiento.com\/fr\/reseau-commercial\/\",\"name\":\"MMM | Eseau commercial | Maintenance et r\u00e9paration\",\"isPartOf\":{\"@id\":\"https:\/\/mmmantenimiento.com\/fr\/#website\"},\"datePublished\":\"2021-07-09T09:53:58+00:00\",\"dateModified\":\"2022-07-28T11:05:53+00:00\",\"description\":\"SI\u00c8GE CENTRAL: Pol\u00edgono Industrial BEKEA Nave 6-K48960 Galdakao \u2013 Bizkaia. Espagne. D\u00c9L\u00c9GU\u00c9S COMMERCIAUX: Zone Nord et Catalogne, Zone Centre et Sud\",\"breadcrumb\":{\"@id\":\"https:\/\/mmmantenimiento.com\/fr\/reseau-commercial\/#breadcrumb\"},\"inLanguage\":\"fr-FR\",\"potentialAction\":[{\"@type\":\"ReadAction\",\"target\":[\"https:\/\/mmmantenimiento.com\/fr\/reseau-commercial\/\"]}]},{\"@type\":\"BreadcrumbList\",\"@id\":\"https:\/\/mmmantenimiento.com\/fr\/reseau-commercial\/#breadcrumb\",\"itemListElement\":[{\"@type\":\"ListItem\",\"position\":1,\"name\":\"Portada\",\"item\":\"https:\/\/mmmantenimiento.com\/fr\/\"},{\"@type\":\"ListItem\",\"position\":2,\"name\":\"R\u00e9seau Commercial\"}]},{\"@type\":\"WebSite\",\"@id\":\"https:\/\/mmmantenimiento.com\/fr\/#website\",\"url\":\"https:\/\/mmmantenimiento.com\/fr\/\",\"name\":\"mmm\",\"description\":\"Mecanizaciones, Montajes y Mantenimiento\",\"publisher\":{\"@id\":\"https:\/\/mmmantenimiento.com\/fr\/#organization\"},\"potentialAction\":[{\"@type\":\"SearchAction\",\"target\":{\"@type\":\"EntryPoint\",\"urlTemplate\":\"https:\/\/mmmantenimiento.com\/fr\/?s={search_term_string}\"},\"query-input\":{\"@type\":\"PropertyValueSpecification\",\"valueRequired\":true,\"valueName\":\"search_term_string\"}}],\"inLanguage\":\"fr-FR\"},{\"@type\":\"Organization\",\"@id\":\"https:\/\/mmmantenimiento.com\/fr\/#organization\",\"name\":\"mmm\",\"url\":\"https:\/\/mmmantenimiento.com\/fr\/\",\"logo\":{\"@type\":\"ImageObject\",\"inLanguage\":\"fr-FR\",\"@id\":\"https:\/\/mmmantenimiento.com\/fr\/#\/schema\/logo\/image\/\",\"url\":\"http:\/\/proyectoweb.mmmantenimiento.com\/wp-content\/uploads\/2022\/06\/mmm-logo.jpg\",\"contentUrl\":\"http:\/\/proyectoweb.mmmantenimiento.com\/wp-content\/uploads\/2022\/06\/mmm-logo.jpg\",\"width\":400,\"height\":150,\"caption\":\"mmm\"},\"image\":{\"@id\":\"https:\/\/mmmantenimiento.com\/fr\/#\/schema\/logo\/image\/\"}}]}<\/script>\n<!-- \/ Yoast SEO plugin. -->","yoast_head_json":{"title":"MMM | Eseau commercial | Maintenance et r\u00e9paration","description":"SI\u00c8GE CENTRAL: Pol\u00edgono Industrial BEKEA Nave 6-K48960 Galdakao \u2013 Bizkaia. Espagne. D\u00c9L\u00c9GU\u00c9S COMMERCIAUX: Zone Nord et Catalogne, Zone Centre et Sud","robots":{"index":"index","follow":"follow","max-snippet":"max-snippet:-1","max-image-preview":"max-image-preview:large","max-video-preview":"max-video-preview:-1"},"canonical":"https:\/\/mmmantenimiento.com\/fr\/reseau-commercial\/","og_locale":"fr_FR","og_type":"article","og_title":"MMM | Eseau commercial | Maintenance et r\u00e9paration","og_description":"SI\u00c8GE CENTRAL: Pol\u00edgono Industrial BEKEA Nave 6-K48960 Galdakao \u2013 Bizkaia. Espagne. D\u00c9L\u00c9GU\u00c9S COMMERCIAUX: Zone Nord et Catalogne, Zone Centre et Sud","og_url":"https:\/\/mmmantenimiento.com\/fr\/reseau-commercial\/","og_site_name":"mmm","article_modified_time":"2022-07-28T11:05:53+00:00","twitter_card":"summary_large_image","twitter_misc":{"Dur\u00e9e de lecture estim\u00e9e":"1 minute"},"schema":{"@context":"https:\/\/schema.org","@graph":[{"@type":"WebPage","@id":"https:\/\/mmmantenimiento.com\/fr\/reseau-commercial\/","url":"https:\/\/mmmantenimiento.com\/fr\/reseau-commercial\/","name":"MMM | Eseau commercial | Maintenance et r\u00e9paration","isPartOf":{"@id":"https:\/\/mmmantenimiento.com\/fr\/#website"},"datePublished":"2021-07-09T09:53:58+00:00","dateModified":"2022-07-28T11:05:53+00:00","description":"SI\u00c8GE CENTRAL: Pol\u00edgono Industrial BEKEA Nave 6-K48960 Galdakao \u2013 Bizkaia. Espagne. D\u00c9L\u00c9GU\u00c9S COMMERCIAUX: Zone Nord et Catalogne, Zone Centre et Sud","breadcrumb":{"@id":"https:\/\/mmmantenimiento.com\/fr\/reseau-commercial\/#breadcrumb"},"inLanguage":"fr-FR","potentialAction":[{"@type":"ReadAction","target":["https:\/\/mmmantenimiento.com\/fr\/reseau-commercial\/"]}]},{"@type":"BreadcrumbList","@id":"https:\/\/mmmantenimiento.com\/fr\/reseau-commercial\/#breadcrumb","itemListElement":[{"@type":"ListItem","position":1,"name":"Portada","item":"https:\/\/mmmantenimiento.com\/fr\/"},{"@type":"ListItem","position":2,"name":"R\u00e9seau Commercial"}]},{"@type":"WebSite","@id":"https:\/\/mmmantenimiento.com\/fr\/#website","url":"https:\/\/mmmantenimiento.com\/fr\/","name":"mmm","description":"Mecanizaciones, Montajes y Mantenimiento","publisher":{"@id":"https:\/\/mmmantenimiento.com\/fr\/#organization"},"potentialAction":[{"@type":"SearchAction","target":{"@type":"EntryPoint","urlTemplate":"https:\/\/mmmantenimiento.com\/fr\/?s={search_term_string}"},"query-input":{"@type":"PropertyValueSpecification","valueRequired":true,"valueName":"search_term_string"}}],"inLanguage":"fr-FR"},{"@type":"Organization","@id":"https:\/\/mmmantenimiento.com\/fr\/#organization","name":"mmm","url":"https:\/\/mmmantenimiento.com\/fr\/","logo":{"@type":"ImageObject","inLanguage":"fr-FR","@id":"https:\/\/mmmantenimiento.com\/fr\/#\/schema\/logo\/image\/","url":"http:\/\/proyectoweb.mmmantenimiento.com\/wp-content\/uploads\/2022\/06\/mmm-logo.jpg","contentUrl":"http:\/\/proyectoweb.mmmantenimiento.com\/wp-content\/uploads\/2022\/06\/mmm-logo.jpg","width":400,"height":150,"caption":"mmm"},"image":{"@id":"https:\/\/mmmantenimiento.com\/fr\/#\/schema\/logo\/image\/"}}]}},"_links":{"self":[{"href":"https:\/\/mmmantenimiento.com\/fr\/wp-json\/wp\/v2\/pages\/987495625","targetHints":{"allow":["GET"]}}],"collection":[{"href":"https:\/\/mmmantenimiento.com\/fr\/wp-json\/wp\/v2\/pages"}],"about":[{"href":"https:\/\/mmmantenimiento.com\/fr\/wp-json\/wp\/v2\/types\/page"}],"author":[{"embeddable":true,"href":"https:\/\/mmmantenimiento.com\/fr\/wp-json\/wp\/v2\/users\/3"}],"replies":[{"embeddable":true,"href":"https:\/\/mmmantenimiento.com\/fr\/wp-json\/wp\/v2\/comments?post=987495625"}],"version-history":[{"count":0,"href":"https:\/\/mmmantenimiento.com\/fr\/wp-json\/wp\/v2\/pages\/987495625\/revisions"}],"wp:attachment":[{"href":"https:\/\/mmmantenimiento.com\/fr\/wp-json\/wp\/v2\/media?parent=987495625"}],"curies":[{"name":"wp","href":"https:\/\/api.w.org\/{rel}","templated":true}]}}