{"id":987495629,"date":"2022-06-16T15:56:09","date_gmt":"2022-06-16T15:56:09","guid":{"rendered":"https:\/\/mmmantenimiento.com\/aviso-legal\/"},"modified":"2022-06-23T11:37:23","modified_gmt":"2022-06-23T11:37:23","slug":"avis-legal","status":"publish","type":"page","link":"https:\/\/mmmantenimiento.com\/fr\/avis-legal\/","title":{"rendered":"Avis l\u00e9gal"},"content":{"rendered":"<p>[et_pb_section fb_built=\u00a0\u00bb1&Prime; _builder_version=\u00a0\u00bb4.14.2&Prime; _module_preset=\u00a0\u00bbdefault\u00a0\u00bb global_colors_info=\u00a0\u00bb{}\u00a0\u00bb][et_pb_row _builder_version=\u00a0\u00bb4.14.2&Prime; _module_preset=\u00a0\u00bbdefault\u00a0\u00bb global_colors_info=\u00a0\u00bb{}\u00a0\u00bb][et_pb_column type=\u00a0\u00bb4_4&Prime; _builder_version=\u00a0\u00bb4.14.2&Prime; _module_preset=\u00a0\u00bbdefault\u00a0\u00bb global_colors_info=\u00a0\u00bb{}\u00a0\u00bb][et_pb_text _builder_version=\u00a0\u00bb4.14.2&Prime; _module_preset=\u00a0\u00bbdefault\u00a0\u00bb global_colors_info=\u00a0\u00bb{}\u00a0\u00bb]<\/p>\n<section class=\"av_textblock_section \" itemscope=\"itemscope\" itemtype=\"https:\/\/schema.org\/CreativeWork\">\n<div class=\"avia_textblock  \" itemprop=\"text\">\n<p><strong>INFORMATIONS SUR LA PROTECTION DES DONN\u00c9ES DE CONTACT<\/strong><\/p>\n<p>Conform\u00e9ment aux dispositions de l&rsquo;article 13 du R\u00c8GLEMENT (UE) 2016\/679 DU PARLEMENT EUROP\u00c9EN ET DU CONSEIL du 27 avril 2016 relatif \u00e0 la protection des personnes physiques \u00e0 l&rsquo;\u00e9gard du traitement des donn\u00e9es \u00e0 caract\u00e8re personnel et \u00e0 la libre circulation de ces donn\u00e9es,nous fournissons les informations pertinentes sur la protection de vos donn\u00e9es personnelles.<\/p>\n<p>Responsable<\/p>\n<p>Identit\u00e9 : Mecanizaciones Montajes y Mantenimientos S.L.<\/p>\n<p>CIF : B48951784<\/p>\n<p>Adresse postale : Pol\u00edgono Industrial BEKEA Nave 6-K<br \/>48960 Galdakao &#8211; Bizkaia<\/p>\n<p>T\u00e9l\u00e9phone : +34 944 036 646<\/p>\n<p>Courriel : contacto@mmmantenimiento.com<\/p>\n<p><strong>Objectif<\/strong><\/p>\n<p>Gestion de la relation de contact que vous entretenez avec nous (client potentiel \/ fournisseur, etc.), en r\u00e9pondant \u00e0 vos messages et, le cas \u00e9ch\u00e9ant, en vous envoyant les informations et\/ou la documentation demand\u00e9es ou susceptibles de vous int\u00e9resser.<\/p>\n<p>Les donn\u00e9es seront conserv\u00e9es aussi longtemps que vous ne demanderez pas leur suppression et pendant la p\u00e9riode n\u00e9cessaire pour d\u00e9terminer les \u00e9ventuelles responsabilit\u00e9s qui pourraient d\u00e9couler de cette finalit\u00e9 et du traitement des donn\u00e9es.<\/p>\n<p><strong>L\u00e9gitimation<\/strong><\/p>\n<p>GDPR : 6.1.a) la personne concern\u00e9e a consenti au traitement de ses donn\u00e9es personnelles pour une ou plusieurs finalit\u00e9s sp\u00e9cifiques.<\/p>\n<p>B\u00e9n\u00e9ficiaires<\/p>\n<p>Aucun transfert ou communication des donn\u00e9es n&rsquo;est pr\u00e9vu.<\/p>\n<p><strong>Droits<\/strong><\/p>\n<p>La personne concern\u00e9e a le droit d&rsquo;acc\u00e9der \u00e0 ses donn\u00e9es personnelles, ainsi que le droit de demander la rectification des donn\u00e9es inexactes ou, le cas \u00e9ch\u00e9ant, de demander leur suppression lorsque, entre autres raisons, les donn\u00e9es ne sont plus n\u00e9cessaires aux fins pour lesquelles elles ont \u00e9t\u00e9 collect\u00e9es.<\/p>\n<p>Dans certaines circonstances, la personne concern\u00e9e peut s&rsquo;opposer au traitement de ses donn\u00e9es ou en demander la limitation, auquel cas elles ne seront conserv\u00e9es qu&rsquo;aux fins de l&rsquo;exercice ou de la d\u00e9fense des droits.<\/p>\n<p>La personne concern\u00e9e peut mat\u00e9riellement exercer ces droits en s&rsquo;adressant par \u00e9crit \u00e0 l&rsquo;entreprise \u00e0 l&rsquo;adresse ou \u00e0 l&rsquo;adresse \u00e9lectronique indiqu\u00e9e dans la rubrique \u00a0\u00bb Responsable du traitement \u00ab\u00a0, en lui fournissant les mod\u00e8les ou les formulaires pour effectuer la demande.<\/p>\n<p>&nbsp;<\/p>\n<\/div>\n<\/section>\n<section class=\"av_textblock_section \" itemscope=\"itemscope\" itemtype=\"https:\/\/schema.org\/CreativeWork\">\n<div class=\"avia_textblock  \" itemprop=\"text\"><\/div>\n<\/section>\n<p>[\/et_pb_text][\/et_pb_column][\/et_pb_row][\/et_pb_section]<\/p>\n","protected":false},"excerpt":{"rendered":"<p>INFORMATIONS SUR LA PROTECTION DES DONN\u00c9ES DE CONTACT Conform\u00e9ment aux dispositions de l&rsquo;article 13 du R\u00c8GLEMENT (UE) 2016\/679 DU PARLEMENT EUROP\u00c9EN ET DU CONSEIL du 27 avril 2016 relatif \u00e0 la protection des personnes physiques \u00e0 l&rsquo;\u00e9gard du traitement des donn\u00e9es \u00e0 caract\u00e8re personnel et \u00e0 la libre circulation de ces donn\u00e9es,nous fournissons les informations [&hellip;]<\/p>\n","protected":false},"author":3,"featured_media":0,"parent":0,"menu_order":0,"comment_status":"closed","ping_status":"closed","template":"","meta":{"_et_pb_use_builder":"on","_et_pb_old_content":"","_et_gb_content_width":"","footnotes":""},"class_list":["post-987495629","page","type-page","status-publish","hentry"],"yoast_head":"<!-- This site is optimized with the Yoast SEO plugin v27.2 - https:\/\/yoast.com\/product\/yoast-seo-wordpress\/ -->\n<title>Avis l\u00e9gal | mmm<\/title>\n<meta name=\"robots\" content=\"index, follow, max-snippet:-1, max-image-preview:large, max-video-preview:-1\" \/>\n<link rel=\"canonical\" href=\"https:\/\/mmmantenimiento.com\/fr\/avis-legal\/\" \/>\n<meta property=\"og:locale\" content=\"fr_FR\" \/>\n<meta property=\"og:type\" content=\"article\" \/>\n<meta property=\"og:title\" content=\"Avis l\u00e9gal | mmm\" \/>\n<meta property=\"og:description\" content=\"INFORMATIONS SUR LA PROTECTION DES DONN\u00c9ES DE CONTACT Conform\u00e9ment aux dispositions de l&#039;article 13 du R\u00c8GLEMENT (UE) 2016\/679 DU PARLEMENT EUROP\u00c9EN ET DU CONSEIL du 27 avril 2016 relatif \u00e0 la protection des personnes physiques \u00e0 l&#039;\u00e9gard du traitement des donn\u00e9es \u00e0 caract\u00e8re personnel et \u00e0 la libre circulation de ces donn\u00e9es,nous fournissons les informations [&hellip;]\" \/>\n<meta property=\"og:url\" content=\"https:\/\/mmmantenimiento.com\/fr\/avis-legal\/\" \/>\n<meta property=\"og:site_name\" content=\"mmm\" \/>\n<meta property=\"article:modified_time\" content=\"2022-06-23T11:37:23+00:00\" \/>\n<meta name=\"twitter:card\" content=\"summary_large_image\" \/>\n<script type=\"application\/ld+json\" class=\"yoast-schema-graph\">{\"@context\":\"https:\/\/schema.org\",\"@graph\":[{\"@type\":\"WebPage\",\"@id\":\"https:\/\/mmmantenimiento.com\/fr\/avis-legal\/\",\"url\":\"https:\/\/mmmantenimiento.com\/fr\/avis-legal\/\",\"name\":\"Avis l\u00e9gal | mmm\",\"isPartOf\":{\"@id\":\"https:\/\/mmmantenimiento.com\/fr\/#website\"},\"datePublished\":\"2022-06-16T15:56:09+00:00\",\"dateModified\":\"2022-06-23T11:37:23+00:00\",\"breadcrumb\":{\"@id\":\"https:\/\/mmmantenimiento.com\/fr\/avis-legal\/#breadcrumb\"},\"inLanguage\":\"fr-FR\",\"potentialAction\":[{\"@type\":\"ReadAction\",\"target\":[\"https:\/\/mmmantenimiento.com\/fr\/avis-legal\/\"]}]},{\"@type\":\"BreadcrumbList\",\"@id\":\"https:\/\/mmmantenimiento.com\/fr\/avis-legal\/#breadcrumb\",\"itemListElement\":[{\"@type\":\"ListItem\",\"position\":1,\"name\":\"Portada\",\"item\":\"https:\/\/mmmantenimiento.com\/fr\/\"},{\"@type\":\"ListItem\",\"position\":2,\"name\":\"Avis l\u00e9gal\"}]},{\"@type\":\"WebSite\",\"@id\":\"https:\/\/mmmantenimiento.com\/fr\/#website\",\"url\":\"https:\/\/mmmantenimiento.com\/fr\/\",\"name\":\"mmm\",\"description\":\"Mecanizaciones, Montajes y Mantenimiento\",\"publisher\":{\"@id\":\"https:\/\/mmmantenimiento.com\/fr\/#organization\"},\"potentialAction\":[{\"@type\":\"SearchAction\",\"target\":{\"@type\":\"EntryPoint\",\"urlTemplate\":\"https:\/\/mmmantenimiento.com\/fr\/?s={search_term_string}\"},\"query-input\":{\"@type\":\"PropertyValueSpecification\",\"valueRequired\":true,\"valueName\":\"search_term_string\"}}],\"inLanguage\":\"fr-FR\"},{\"@type\":\"Organization\",\"@id\":\"https:\/\/mmmantenimiento.com\/fr\/#organization\",\"name\":\"mmm\",\"url\":\"https:\/\/mmmantenimiento.com\/fr\/\",\"logo\":{\"@type\":\"ImageObject\",\"inLanguage\":\"fr-FR\",\"@id\":\"https:\/\/mmmantenimiento.com\/fr\/#\/schema\/logo\/image\/\",\"url\":\"http:\/\/proyectoweb.mmmantenimiento.com\/wp-content\/uploads\/2022\/06\/mmm-logo.jpg\",\"contentUrl\":\"http:\/\/proyectoweb.mmmantenimiento.com\/wp-content\/uploads\/2022\/06\/mmm-logo.jpg\",\"width\":400,\"height\":150,\"caption\":\"mmm\"},\"image\":{\"@id\":\"https:\/\/mmmantenimiento.com\/fr\/#\/schema\/logo\/image\/\"}}]}<\/script>\n<!-- \/ Yoast SEO plugin. -->","yoast_head_json":{"title":"Avis l\u00e9gal | mmm","robots":{"index":"index","follow":"follow","max-snippet":"max-snippet:-1","max-image-preview":"max-image-preview:large","max-video-preview":"max-video-preview:-1"},"canonical":"https:\/\/mmmantenimiento.com\/fr\/avis-legal\/","og_locale":"fr_FR","og_type":"article","og_title":"Avis l\u00e9gal | mmm","og_description":"INFORMATIONS SUR LA PROTECTION DES DONN\u00c9ES DE CONTACT Conform\u00e9ment aux dispositions de l'article 13 du R\u00c8GLEMENT (UE) 2016\/679 DU PARLEMENT EUROP\u00c9EN ET DU CONSEIL du 27 avril 2016 relatif \u00e0 la protection des personnes physiques \u00e0 l'\u00e9gard du traitement des donn\u00e9es \u00e0 caract\u00e8re personnel et \u00e0 la libre circulation de ces donn\u00e9es,nous fournissons les informations [&hellip;]","og_url":"https:\/\/mmmantenimiento.com\/fr\/avis-legal\/","og_site_name":"mmm","article_modified_time":"2022-06-23T11:37:23+00:00","twitter_card":"summary_large_image","schema":{"@context":"https:\/\/schema.org","@graph":[{"@type":"WebPage","@id":"https:\/\/mmmantenimiento.com\/fr\/avis-legal\/","url":"https:\/\/mmmantenimiento.com\/fr\/avis-legal\/","name":"Avis l\u00e9gal | mmm","isPartOf":{"@id":"https:\/\/mmmantenimiento.com\/fr\/#website"},"datePublished":"2022-06-16T15:56:09+00:00","dateModified":"2022-06-23T11:37:23+00:00","breadcrumb":{"@id":"https:\/\/mmmantenimiento.com\/fr\/avis-legal\/#breadcrumb"},"inLanguage":"fr-FR","potentialAction":[{"@type":"ReadAction","target":["https:\/\/mmmantenimiento.com\/fr\/avis-legal\/"]}]},{"@type":"BreadcrumbList","@id":"https:\/\/mmmantenimiento.com\/fr\/avis-legal\/#breadcrumb","itemListElement":[{"@type":"ListItem","position":1,"name":"Portada","item":"https:\/\/mmmantenimiento.com\/fr\/"},{"@type":"ListItem","position":2,"name":"Avis l\u00e9gal"}]},{"@type":"WebSite","@id":"https:\/\/mmmantenimiento.com\/fr\/#website","url":"https:\/\/mmmantenimiento.com\/fr\/","name":"mmm","description":"Mecanizaciones, Montajes y Mantenimiento","publisher":{"@id":"https:\/\/mmmantenimiento.com\/fr\/#organization"},"potentialAction":[{"@type":"SearchAction","target":{"@type":"EntryPoint","urlTemplate":"https:\/\/mmmantenimiento.com\/fr\/?s={search_term_string}"},"query-input":{"@type":"PropertyValueSpecification","valueRequired":true,"valueName":"search_term_string"}}],"inLanguage":"fr-FR"},{"@type":"Organization","@id":"https:\/\/mmmantenimiento.com\/fr\/#organization","name":"mmm","url":"https:\/\/mmmantenimiento.com\/fr\/","logo":{"@type":"ImageObject","inLanguage":"fr-FR","@id":"https:\/\/mmmantenimiento.com\/fr\/#\/schema\/logo\/image\/","url":"http:\/\/proyectoweb.mmmantenimiento.com\/wp-content\/uploads\/2022\/06\/mmm-logo.jpg","contentUrl":"http:\/\/proyectoweb.mmmantenimiento.com\/wp-content\/uploads\/2022\/06\/mmm-logo.jpg","width":400,"height":150,"caption":"mmm"},"image":{"@id":"https:\/\/mmmantenimiento.com\/fr\/#\/schema\/logo\/image\/"}}]}},"_links":{"self":[{"href":"https:\/\/mmmantenimiento.com\/fr\/wp-json\/wp\/v2\/pages\/987495629","targetHints":{"allow":["GET"]}}],"collection":[{"href":"https:\/\/mmmantenimiento.com\/fr\/wp-json\/wp\/v2\/pages"}],"about":[{"href":"https:\/\/mmmantenimiento.com\/fr\/wp-json\/wp\/v2\/types\/page"}],"author":[{"embeddable":true,"href":"https:\/\/mmmantenimiento.com\/fr\/wp-json\/wp\/v2\/users\/3"}],"replies":[{"embeddable":true,"href":"https:\/\/mmmantenimiento.com\/fr\/wp-json\/wp\/v2\/comments?post=987495629"}],"version-history":[{"count":0,"href":"https:\/\/mmmantenimiento.com\/fr\/wp-json\/wp\/v2\/pages\/987495629\/revisions"}],"wp:attachment":[{"href":"https:\/\/mmmantenimiento.com\/fr\/wp-json\/wp\/v2\/media?parent=987495629"}],"curies":[{"name":"wp","href":"https:\/\/api.w.org\/{rel}","templated":true}]}}